{"id":83,"date":"2013-10-31T13:30:32","date_gmt":"2013-10-31T12:30:32","guid":{"rendered":"http:\/\/la-maraude.fr\/site\/?page_id=83"},"modified":"2021-09-13T09:54:31","modified_gmt":"2021-09-13T08:54:31","slug":"partenaires","status":"publish","type":"page","link":"https:\/\/la-maraude.fr\/site\/partenaires\/","title":{"rendered":"On Parle de Nous&#8230;"},"content":{"rendered":"<h2 style=\"text-align: center;\">La Maraude, une histoire<\/h2>\n<div class=\"j83agx80 cbu4d94t buofh1pr l9j0dhe7\">\n<div class=\"f36cnskx o8rfisnq ikscmtro wkznzc2l kok2ops2 dhix69tm\">\n<div class=\"_8emu\">\n<p style=\"text-align: justify;\">Vous aimez les histoires ? Vous \u00eates-vous d\u00e9j\u00e0 demand\u00e9 d&rsquo;o\u00f9 venait ce nom ?<\/p>\n<p style=\"text-align: justify;\">Ouvrez bien vos oreilles : \u00ab L&rsquo;histoire a voyag\u00e9 il y a bien longtemps \u00e0 travers le livre de Christiane Rochefort o\u00f9, d&rsquo;apr\u00e8s ma m\u00e9moire, une classe d&rsquo;enfants quittait l&rsquo;\u00e9cole, vex\u00e9s d&rsquo;\u00eatre toujours trait\u00e9s d&rsquo;idiots par leur professeur.<\/p>\n<p style=\"text-align: center;\">\u00ab 1-2-3, si elle nous traite encore d&rsquo;idiots, on se l\u00e8ve et on part tous ensemble \u2026 \u00bb<\/p>\n<p style=\"text-align: justify;\"><a href=\"http:\/\/la-maraude.fr\/site\/wp-content\/uploads\/2021\/09\/haute-en-couleur.jpg\" rel=\"attachment wp-att-2104\"><img loading=\"lazy\" decoding=\"async\" class=\"wp-image-2104 size-large alignright\" src=\"http:\/\/la-maraude.fr\/site\/wp-content\/uploads\/2021\/09\/haute-en-couleur-1024x1024.jpg\" alt=\"haute en couleur\" width=\"692\" height=\"692\" srcset=\"https:\/\/la-maraude.fr\/site\/wp-content\/uploads\/2021\/09\/haute-en-couleur-1024x1024.jpg 1024w, https:\/\/la-maraude.fr\/site\/wp-content\/uploads\/2021\/09\/haute-en-couleur-150x150.jpg 150w, https:\/\/la-maraude.fr\/site\/wp-content\/uploads\/2021\/09\/haute-en-couleur-300x300.jpg 300w\" sizes=\"auto, (max-width: 692px) 100vw, 692px\" \/><\/a><\/p>\n<p style=\"text-align: justify;\">Et cette classe d&rsquo;enfants s&rsquo;en va en Maraude, par les chemins, par les for\u00eats, le long des vergers, au fil des ruisseaux. Le groupe solidaire exp\u00e9rimente l&rsquo;aventure, la d\u00e9couverte, l&rsquo;inconnu, et son lot de surprises. Les enjeux \u00e9taient formidables, de la paresse \u00e0 la d\u00e9brouillardise, de la tentation \u00e0 la raison, les d\u00e9couvertes prenaient des allures d&rsquo;authenticit\u00e9, de vraie vie, de libert\u00e9 ! Et si le verbe \u00ab marauder \u00bb permettait au enfants de profiter de quelques fruits d\u00e9rob\u00e9s, il les engageait aussi sur les chemins de traverse de l&rsquo;esprit, hors des conventions, vers une v\u00e9ritable construction de leur propre personnalit\u00e9 et de l&rsquo;aventure sociale : faire ensemble et \u00eatre acteurs de l&rsquo;Histoire. \u00bb<\/p>\n<p style=\"text-align: justify;\">Voil\u00e0 pourquoi depuis des dizaines d&rsquo;ann\u00e9es, nous emmenons avec le m\u00eame bonheur les enfants en Maraude, au gr\u00e9 de nos petits chemins de montagne,<\/p>\n<p style=\"text-align: justify;\">Comment la Maraude est une colonie de vacances o\u00f9 il ne s&rsquo;agit pas d&rsquo;infantiliser l&rsquo;enfance, mais au contraire, de la lib\u00e9rer et d\u2019exp\u00e9rimenter avec elle sa puissance cr\u00e9atrice,<\/p>\n<p style=\"text-align: justify;\">Voil\u00e0 la Maraude, o\u00f9 nous partageons avec les enfants toutes les r\u00e9alit\u00e9s de notre monde, le village de montagne, ses chemins, ses habitants, le jardin potager, la mare, le verger, le four \u00e0 pain, la montagne, les animaux sauvages, la belle \u00e9toile, les nuits en bivouac, le poulailler, les productions de la maison, les voyages imaginaires, nos voyages d&rsquo;adultes et nos passions, l&rsquo;Afrique, les repas sur le feu, les tagines, un teepee d&rsquo;indien, \u2026<\/p>\n<p>&#8230; afin de leur transmettre les possibles \u00e0 l&rsquo;aff\u00fbt du moindre battement d&rsquo;aile de papillon&#8230;<\/p>\n<h2 style=\"text-align: center;\">La Maraude, une vid\u00e9o<\/h2>\n<p>R\u00e9alis\u00e9 par nos amis polonais, le film t\u00e9moigne de l&rsquo;\u00e9nergie notre projet en 2020, et de tous ses acteurs, du plus petit au plus grand, du local au global<\/p>\n<\/div>\n<\/div>\n<\/div>\n<p><a href=\"https:\/\/www.youtube.com\/watch?v=yGtl61X3TWQ&amp;feature=youtu.be\" target=\"_blank\" rel=\"attachment wp-att-1973\"><img loading=\"lazy\" decoding=\"async\" class=\"aligncenter wp-image-1973 size-medium\" src=\"http:\/\/la-maraude.fr\/site\/wp-content\/uploads\/2021\/01\/1-P1121176-300x225.jpg\" alt=\"\" width=\"300\" height=\"225\" srcset=\"https:\/\/la-maraude.fr\/site\/wp-content\/uploads\/2021\/01\/1-P1121176-300x225.jpg 300w, https:\/\/la-maraude.fr\/site\/wp-content\/uploads\/2021\/01\/1-P1121176-1024x768.jpg 1024w\" sizes=\"auto, (max-width: 300px) 100vw, 300px\" \/><\/a><\/p>\n<h5 style=\"text-align: center;\"><a href=\"https:\/\/www.youtube.com\/watch?v=yGtl61X3TWQ&amp;feature=youtu.be\">clique sur la montagne, et prends le temps<\/a><\/h5>\n<h2 style=\"text-align: center;\"><\/h2>\n<h2 style=\"text-align: center;\">La Maraude, un voyage,<\/h2>\n<p>Nous soutenons une \u00e9cole \u00e0 Lom\u00e9. Pour chaque enfant inscrit \u00e0 la Maraude, nous reversons 1\u20ac par jour et par enfant aux \u00e9coliers et \u00e9coli\u00e8res de l&rsquo;\u00e9cole IZO \u00e0 Lom\u00e9.<\/p>\n<p>Pour en savoir plus, et pourquoi pas pour vous investir, voici plus d&rsquo;informations: <a href=\"http:\/\/uneecoleautogo.jimdo.com\">http:\/\/uneecoleautogo.jimdo.com<\/a><\/p>\n<p><a href=\"http:\/\/la-maraude.fr\/site\/wp-content\/uploads\/2013\/10\/liens-amis.jpg\"><img loading=\"lazy\" decoding=\"async\" class=\"aligncenter size-full wp-image-542\" src=\"http:\/\/la-maraude.fr\/site\/wp-content\/uploads\/2013\/10\/liens-amis.jpg\" alt=\"liens amis\" width=\"400\" height=\"300\" srcset=\"https:\/\/la-maraude.fr\/site\/wp-content\/uploads\/2013\/10\/liens-amis.jpg 400w, https:\/\/la-maraude.fr\/site\/wp-content\/uploads\/2013\/10\/liens-amis-300x225.jpg 300w\" sizes=\"auto, (max-width: 400px) 100vw, 400px\" \/><\/a><\/p>\n<h2 style=\"text-align: center;\">La Maraude, en vid\u00e9os,<\/h2>\n<p>&nbsp;<\/p>\n<p><a href=\"https:\/\/youtu.be\/kWZijvpoaQU\">2019, des voeux d&rsquo;\u00e9ducation populaire<\/a><\/p>\n<p><a href=\"https:\/\/youtu.be\/0qSotQmjJDQ\">2019, la roue des flous<\/a><\/p>\n<p><a href=\"https:\/\/youtu.be\/pwLKhoEZmVM\">2018,une grande f\u00eate sous forme de Pow-wow<\/a><\/p>\n<p><img loading=\"lazy\" decoding=\"async\" class=\"size-thumbnail wp-image-2041 alignright\" src=\"http:\/\/la-maraude.fr\/site\/wp-content\/uploads\/2021\/01\/634103-icone-de-la-television-symbole-conception-vecteur-pret-pour-votre-conception-carte-de-voeux-vectoriel-150x150.jpg\" alt=\"634103-icone-de-la-television-symbole-conception-vecteur-pret-pour-votre-conception-carte-de-voeux-vectoriel\" width=\"150\" height=\"150\" srcset=\"https:\/\/la-maraude.fr\/site\/wp-content\/uploads\/2021\/01\/634103-icone-de-la-television-symbole-conception-vecteur-pret-pour-votre-conception-carte-de-voeux-vectoriel-150x150.jpg 150w, https:\/\/la-maraude.fr\/site\/wp-content\/uploads\/2021\/01\/634103-icone-de-la-television-symbole-conception-vecteur-pret-pour-votre-conception-carte-de-voeux-vectoriel-300x300.jpg 300w, https:\/\/la-maraude.fr\/site\/wp-content\/uploads\/2021\/01\/634103-icone-de-la-television-symbole-conception-vecteur-pret-pour-votre-conception-carte-de-voeux-vectoriel.jpg 490w\" sizes=\"auto, (max-width: 150px) 100vw, 150px\" \/><\/p>\n<p><a href=\"https:\/\/youtu.be\/2lTdZgxSQs4\">2018, en \u00e9t\u00e9, c&rsquo;est quoi ton totem<\/a><\/p>\n<p><a href=\"https:\/\/youtu.be\/MoC13BYwoMc\">2018, en exploration \u00e0 la for\u00eat magique<\/a><\/p>\n<p><a href=\"https:\/\/youtu.be\/j1pEaqOLyrg\">2017, Pharrel Wiliams joue \u00e0 la Maraude<\/a><\/p>\n<p><a href=\"https:\/\/youtu.be\/7NOgx0R2u7U\">2017, Happy clip !<\/a><\/p>\n<p><a href=\"https:\/\/youtu.be\/IaZumKeEQLw\">2016, la chanson des arbres \u00e0 souhaits<\/a><\/p>\n<p><a href=\"https:\/\/youtu.be\/K14nCTnv5qw\">2016, la chanson des \u00e9l\u00e9ments<\/a><\/p>\n<p>&nbsp;<\/p>\n<p>&nbsp;<\/p>\n<p><img loading=\"lazy\" decoding=\"async\" class=\"size-thumbnail wp-image-2040 alignleft\" src=\"http:\/\/la-maraude.fr\/site\/wp-content\/uploads\/2021\/01\/retro-tv-150x150.png\" alt=\"retro-tv\" width=\"150\" height=\"150\" srcset=\"https:\/\/la-maraude.fr\/site\/wp-content\/uploads\/2021\/01\/retro-tv-150x150.png 150w, https:\/\/la-maraude.fr\/site\/wp-content\/uploads\/2021\/01\/retro-tv.png 200w\" sizes=\"auto, (max-width: 150px) 100vw, 150px\" \/><\/p>\n<p>&nbsp;<\/p>\n<p>&nbsp;<\/p>\n<p><a href=\"http:\/\/www.ladepeche.fr\/article\/2012\/08\/21\/1422315-engomer-le-groupe-de-jeunes-chanteurs-les-petits-pieds-au-marche-fermier.html\">http:\/\/www.ladepeche.fr\/article\/2012\/08\/21\/1422315-engomer-le-groupe-de-jeunes-chanteurs-les-petits-pieds-au-marche-fermier.html<\/a><\/p>\n<p>&nbsp;<\/p>\n<p>&nbsp;<\/p>\n<p>&nbsp;<\/p>\n","protected":false},"excerpt":{"rendered":"<p>La Maraude, une histoire Vous aimez les histoires ? Vous \u00eates-vous d\u00e9j\u00e0 demand\u00e9 d&rsquo;o\u00f9 venait ce nom ? Ouvrez bien vos oreilles : \u00ab L&rsquo;histoire a voyag\u00e9 il y a bien longtemps \u00e0 travers le livre de Christiane Rochefort o\u00f9, d&rsquo;apr\u00e8s ma m\u00e9moire, une classe d&rsquo;enfants quittait l&rsquo;\u00e9cole, vex\u00e9s d&rsquo;\u00eatre toujours trait\u00e9s d&rsquo;idiots par leur [&hellip;]<\/p>\n","protected":false},"author":1,"featured_media":0,"parent":0,"menu_order":0,"comment_status":"closed","ping_status":"open","template":"","meta":{"footnotes":""},"class_list":["post-83","page","type-page","status-publish","hentry"],"_links":{"self":[{"href":"https:\/\/la-maraude.fr\/site\/wp-json\/wp\/v2\/pages\/83","targetHints":{"allow":["GET"]}}],"collection":[{"href":"https:\/\/la-maraude.fr\/site\/wp-json\/wp\/v2\/pages"}],"about":[{"href":"https:\/\/la-maraude.fr\/site\/wp-json\/wp\/v2\/types\/page"}],"author":[{"embeddable":true,"href":"https:\/\/la-maraude.fr\/site\/wp-json\/wp\/v2\/users\/1"}],"replies":[{"embeddable":true,"href":"https:\/\/la-maraude.fr\/site\/wp-json\/wp\/v2\/comments?post=83"}],"version-history":[{"count":28,"href":"https:\/\/la-maraude.fr\/site\/wp-json\/wp\/v2\/pages\/83\/revisions"}],"predecessor-version":[{"id":2048,"href":"https:\/\/la-maraude.fr\/site\/wp-json\/wp\/v2\/pages\/83\/revisions\/2048"}],"wp:attachment":[{"href":"https:\/\/la-maraude.fr\/site\/wp-json\/wp\/v2\/media?parent=83"}],"curies":[{"name":"wp","href":"https:\/\/api.w.org\/{rel}","templated":true}]}}