{"id":5,"date":"2013-10-31T13:04:37","date_gmt":"2013-10-31T12:04:37","guid":{"rendered":"http:\/\/la-maraude.fr\/site\/?page_id=5"},"modified":"2026-03-26T09:46:14","modified_gmt":"2026-03-26T08:46:14","slug":"les-sejours-maraudeurs","status":"publish","type":"page","link":"https:\/\/la-maraude.fr\/site\/les-sejours\/les-sejours-maraudeurs\/","title":{"rendered":"Les S\u00e9jours Maraudeurs"},"content":{"rendered":"\n<h3 class=\"wp-block-heading has-text-align-center\"><strong>Une colonie de vacances au grand air des Pyr\u00e9n\u00e9es<\/strong><\/h3>\n\n\n\n<h4 class=\"wp-block-heading has-text-align-center\">Les s\u00e9jours de la Maraude sont ouverts \u00e0 chaque vacances scolaires.<\/h4>\n\n\n\n<h4 class=\"wp-block-heading has-text-align-center\">24 enfants anim\u00e9s par 4 animateurs dipl\u00f4m\u00e9s, une directrice BAFD<\/h4>\n\n\n\n<figure class=\"wp-block-image aligncenter size-large is-resized\"><img loading=\"lazy\" decoding=\"async\" width=\"1024\" height=\"768\" src=\"https:\/\/la-maraude.fr\/site\/wp-content\/uploads\/2020\/11\/Enfants-dans-les-arbres-et-grand-air-1024x768.jpg\" alt=\"\" class=\"wp-image-1304\" style=\"width:496px;height:auto\" srcset=\"https:\/\/la-maraude.fr\/site\/wp-content\/uploads\/2020\/11\/Enfants-dans-les-arbres-et-grand-air-1024x768.jpg 1024w, https:\/\/la-maraude.fr\/site\/wp-content\/uploads\/2020\/11\/Enfants-dans-les-arbres-et-grand-air-300x225.jpg 300w, https:\/\/la-maraude.fr\/site\/wp-content\/uploads\/2020\/11\/Enfants-dans-les-arbres-et-grand-air-600x450.jpg 600w\" sizes=\"auto, (max-width: 1024px) 100vw, 1024px\" \/><\/figure>\n\n\n\n<p class=\"has-text-align-center\">Pour tous nos s\u00e9jours, en vous promenant <a href=\"http:\/\/la-maraude.fr\/site\/les-sejours-maraudeurs\/projets-educatifs\/\">ici<\/a>, vous trouverez notre projet p\u00e9dagogique, et en allant <a title=\"\u00e0 la Maraude\" href=\"http:\/\/la-maraude.fr\/site\/les-dossiers-dinscription\/\">par l\u00e0<\/a>, vous trouverez les dossiers d&rsquo;inscription et les tarifs&#8230;<\/p>\n\n\n\n<p><\/p>\n\n\n\n<h4 class=\"wp-block-heading has-text-align-center\"><span style=\"color: #ff00ff;\"><strong>Les vacances de printemps<\/strong>&nbsp;<\/span><\/h4>\n\n\n\n<p class=\"has-text-align-center\"><strong>pour les enfants entre 06 et 11 ans<\/strong><\/p>\n\n\n\n<p class=\"has-text-align-center\"><strong>du dimanche 19 avril au samedi 25 avril<\/strong><\/p>\n\n\n\n<p><\/p>\n\n\n\n<h4 class=\"wp-block-heading has-text-align-center\"><span style=\"color: #ff6600;\"><strong>Calendrier de JUILLET , c&rsquo;est l&rsquo;\u00e9t\u00e9 !! <\/strong><\/span><\/h4>\n\n\n\n<h4 class=\"wp-block-heading has-text-align-center\"><span style=\"color: #000080;\">Les Maraudeurs\u00a0 de 6 \u00e0 10 ans<\/span><\/h4>\n\n\n\n<p class=\"has-text-align-center wp-block-heading\"><span style=\"color: #339966;\"><strong>pour les bivouacs et la piscine<br><\/strong><\/span>pour une semaine de colo, ou plus !<\/p>\n\n\n\n<p class=\"has-text-align-center\"><strong>du lundi 13 juillet au dimanche 19 juillet<\/strong> <\/p>\n\n\n\n<p class=\"has-text-align-center\"><strong>du lundi 20 juillet au dimanche 26 juillet<\/strong><\/p>\n\n\n\n<p class=\"has-text-align-center\"><strong>du lundi 27 juillet au vendredi 31 juillet<\/strong><\/p>\n\n\n\n<p class=\"has-text-align-center\">&nbsp;l&rsquo;id\u00e9al pour une premi\u00e8re exp\u00e9rience,&nbsp; dans <a href=\"http:\/\/la-maraude.fr\/site\/les-lieux\/la-maison-du-village\/\">la maison<\/a><\/p>\n\n\n\n<figure class=\"wp-block-image aligncenter\"><a href=\"http:\/\/la-maraude.fr\/site\/wp-content\/uploads\/2015\/05\/P7169219.jpg\"><img loading=\"lazy\" decoding=\"async\" width=\"300\" height=\"225\" src=\"http:\/\/la-maraude.fr\/site\/wp-content\/uploads\/2015\/05\/P7169219-300x225.jpg\" alt=\"\" class=\"wp-image-698\" srcset=\"https:\/\/la-maraude.fr\/site\/wp-content\/uploads\/2015\/05\/P7169219-300x225.jpg 300w, https:\/\/la-maraude.fr\/site\/wp-content\/uploads\/2015\/05\/P7169219-1024x768.jpg 1024w, https:\/\/la-maraude.fr\/site\/wp-content\/uploads\/2015\/05\/P7169219-600x450.jpg 600w\" sizes=\"auto, (max-width: 300px) 100vw, 300px\" \/><\/a><\/figure>\n\n\n\n<p><\/p>\n\n\n\n<h4 class=\"wp-block-heading has-text-align-center\"><span style=\"color: #ff6600;\"><strong>Calendrier d&rsquo;AOUT , c&rsquo;est encore l&rsquo;\u00e9t\u00e9 !! <\/strong><\/span><\/h4>\n\n\n\n<h4 class=\"wp-block-heading has-text-align-center\"><span style=\"color: #000080;\">Les petits pieds \u00e0 la Maraude &#8211; 6\/8 ans\u00a0 <\/span><\/h4>\n\n\n\n<p class=\"has-text-align-center wp-block-heading\"><span style=\"color: #339966;\"><strong>pour le tipi, et les aventures au jardin<\/strong><\/span><\/p>\n\n\n\n<p class=\"has-text-align-center\"><strong>du lundi 03 au samedi 08 ao\u00fbt<\/strong><\/p>\n\n\n\n<p class=\"has-text-align-center\"><strong>du lundi 10 au samedi 15 ao\u00fbt<\/strong><\/p>\n\n\n\n<p class=\"has-text-align-center\">un petit groupe de 12 enfants environ, \u00e0 la maison, <\/p>\n\n\n\n<p class=\"has-text-align-center\"><strong>\u00a0<\/strong>l&rsquo;id\u00e9al pour une premi\u00e8re exp\u00e9rience,\u00a0 dans <a href=\"http:\/\/la-maraude.fr\/site\/les-lieux\/la-maison-du-village\/\">la maison<\/a><\/p>\n\n\n\n<figure class=\"wp-block-image aligncenter size-large is-resized\"><img loading=\"lazy\" decoding=\"async\" width=\"1024\" height=\"683\" src=\"https:\/\/la-maraude.fr\/site\/wp-content\/uploads\/2020\/12\/P8160761-1024x683.jpg\" alt=\"\" class=\"wp-image-1570\" style=\"aspect-ratio:1.4993152166077994;width:306px;height:auto\" srcset=\"https:\/\/la-maraude.fr\/site\/wp-content\/uploads\/2020\/12\/P8160761-1024x683.jpg 1024w, https:\/\/la-maraude.fr\/site\/wp-content\/uploads\/2020\/12\/P8160761-300x200.jpg 300w\" sizes=\"auto, (max-width: 1024px) 100vw, 1024px\" \/><\/figure>\n\n\n\n<p><\/p>\n\n\n\n<h4 class=\"wp-block-heading has-text-align-center\"><span style=\"color: #000080;\">Les Maraudeurs de 9 \u00e0 12 ans <\/span><\/h4>\n\n\n\n<p class=\"has-text-align-center wp-block-heading\"><span style=\"color: #339966;\"><strong>Les vacances d&rsquo;\u00e9t\u00e9 pour les bivouacs et les feux de camp<\/strong><\/span><\/p>\n\n\n\n<p class=\"has-text-align-center\"><strong>du lundi 03 au dimanche 09 ao\u00fbt<\/strong><\/p>\n\n\n\n<p class=\"has-text-align-center\"><strong>du lundi 10 au dimanche 16 ao\u00fbt<\/strong><\/p>\n\n\n\n<figure class=\"wp-block-image aligncenter\"><a href=\"http:\/\/la-maraude.fr\/site\/wp-content\/uploads\/2020\/12\/P7200273-e1607029641997.jpg\"><img loading=\"lazy\" decoding=\"async\" width=\"300\" height=\"200\" src=\"http:\/\/la-maraude.fr\/site\/wp-content\/uploads\/2020\/12\/P7200273-300x200.jpg\" alt=\"\" class=\"wp-image-1547\"\/><\/a><\/figure>\n\n\n\n<p><\/p>\n\n\n\n<h4 class=\"wp-block-heading has-text-align-center\"><span style=\"color: #000080;\">Les Maraudeurs &#8211; 6\/12 ans<\/span><\/h4>\n\n\n\n<p class=\"has-text-align-center wp-block-heading\"><span><strong style=\"color: rgb(51, 153, 102);\">Les vacances d&rsquo;\u00e9t\u00e9 pour les <\/strong><font color=\"#339966\"><span style=\"caret-color: rgb(51, 153, 102);\"><b>bivouacs et les feux de camp<\/b><\/span><\/font><\/span><\/p>\n\n\n\n<p class=\"has-text-align-center\"><strong>du lundi 17 ao\u00fbt au dimanche 23 ao\u00fbt <\/strong><\/p>\n\n\n\n<p class=\"has-text-align-center\"><strong>du lundi 24 ao\u00fbt au samedi 29 ao\u00fbt<\/strong><\/p>\n\n\n\n<h2 class=\"wp-block-heading has-text-align-center\"><figure><a href=\"http:\/\/la-maraude.fr\/site\/wp-content\/uploads\/2020\/12\/P8220124.jpg\"><img decoding=\"async\" class=\"wp-image-1582 size-medium aligncenter\" src=\"http:\/\/la-maraude.fr\/site\/wp-content\/uploads\/2020\/12\/P8220124-300x225.jpg\" alt=\"\" style=\"width: 300px;\"><\/a><\/figure><\/h2>\n\n\n\n<p class=\"has-text-align-center\"><\/p>\n\n\n\n<p class=\"has-text-align-center\"><\/p>\n\n\n\n<h3 class=\"wp-block-heading\"><span style=\"color: #ff0000;\">&nbsp;<\/span><\/h3>\n\n\n\n<figure class=\"wp-block-image aligncenter\"><img loading=\"lazy\" decoding=\"async\" width=\"300\" height=\"278\" src=\"http:\/\/la-maraude.fr\/site\/wp-content\/uploads\/2020\/01\/logomaraudenet30x30nov2017-300x278.png\" alt=\"logomaraudenet30x30nov2017\" class=\"wp-image-1083\" srcset=\"https:\/\/la-maraude.fr\/site\/wp-content\/uploads\/2020\/01\/logomaraudenet30x30nov2017-300x278.png 300w, https:\/\/la-maraude.fr\/site\/wp-content\/uploads\/2020\/01\/logomaraudenet30x30nov2017-600x557.png 600w, https:\/\/la-maraude.fr\/site\/wp-content\/uploads\/2020\/01\/logomaraudenet30x30nov2017.png 816w\" sizes=\"auto, (max-width: 300px) 100vw, 300px\" \/><\/figure>\n\n\n\n<p><\/p>\n","protected":false},"excerpt":{"rendered":"<p>Une colonie de vacances au grand air des Pyr\u00e9n\u00e9es Les s\u00e9jours de la Maraude sont ouverts \u00e0 chaque vacances scolaires. 24 enfants anim\u00e9s par 4 animateurs dipl\u00f4m\u00e9s, une directrice BAFD Pour tous nos s\u00e9jours, en vous promenant ici, vous trouverez notre projet p\u00e9dagogique, et en allant par l\u00e0, vous trouverez les dossiers d&rsquo;inscription et les [&hellip;]<\/p>\n","protected":false},"author":1,"featured_media":0,"parent":126,"menu_order":0,"comment_status":"closed","ping_status":"closed","template":"","meta":{"footnotes":""},"class_list":["post-5","page","type-page","status-publish","hentry"],"_links":{"self":[{"href":"https:\/\/la-maraude.fr\/site\/wp-json\/wp\/v2\/pages\/5","targetHints":{"allow":["GET"]}}],"collection":[{"href":"https:\/\/la-maraude.fr\/site\/wp-json\/wp\/v2\/pages"}],"about":[{"href":"https:\/\/la-maraude.fr\/site\/wp-json\/wp\/v2\/types\/page"}],"author":[{"embeddable":true,"href":"https:\/\/la-maraude.fr\/site\/wp-json\/wp\/v2\/users\/1"}],"replies":[{"embeddable":true,"href":"https:\/\/la-maraude.fr\/site\/wp-json\/wp\/v2\/comments?post=5"}],"version-history":[{"count":88,"href":"https:\/\/la-maraude.fr\/site\/wp-json\/wp\/v2\/pages\/5\/revisions"}],"predecessor-version":[{"id":2791,"href":"https:\/\/la-maraude.fr\/site\/wp-json\/wp\/v2\/pages\/5\/revisions\/2791"}],"up":[{"embeddable":true,"href":"https:\/\/la-maraude.fr\/site\/wp-json\/wp\/v2\/pages\/126"}],"wp:attachment":[{"href":"https:\/\/la-maraude.fr\/site\/wp-json\/wp\/v2\/media?parent=5"}],"curies":[{"name":"wp","href":"https:\/\/api.w.org\/{rel}","templated":true}]}}