{"id":1624,"date":"2020-12-03T21:34:57","date_gmt":"2020-12-03T20:34:57","guid":{"rendered":"http:\/\/la-maraude.fr\/site\/?page_id=1624"},"modified":"2026-03-26T09:50:37","modified_gmt":"2026-03-26T08:50:37","slug":"les-ados-sur-la-colline-2","status":"publish","type":"page","link":"https:\/\/la-maraude.fr\/site\/les-sejours\/les-ados-sur-la-colline-2\/","title":{"rendered":"Les explorateurs sur la colline"},"content":{"rendered":"\n<h4 class=\"wp-block-heading\"><strong>\u00ab\u00a0Les explorateurs sur la colline\u00a0\u00bb <\/strong>accueillent des enfants qui grandissent et qui ont toujours envie de venir, pour ouvrir des possibles \u00e0 tous les ados de 11 \u00e0 14 ans (entr\u00e9e au coll\u00e8ge effectu\u00e9e).<\/h4>\n\n\n\n<figure class=\"wp-block-image aligncenter\"><img loading=\"lazy\" decoding=\"async\" width=\"1024\" height=\"724\" src=\"http:\/\/la-maraude.fr\/site\/wp-content\/uploads\/2020\/11\/les-ados-sur-la-colline-logo-2-1024x724.jpg\" alt=\"les ados sur la colline - logo 2\" class=\"wp-image-1298\" srcset=\"https:\/\/la-maraude.fr\/site\/wp-content\/uploads\/2020\/11\/les-ados-sur-la-colline-logo-2-1024x724.jpg 1024w, https:\/\/la-maraude.fr\/site\/wp-content\/uploads\/2020\/11\/les-ados-sur-la-colline-logo-2-300x212.jpg 300w, https:\/\/la-maraude.fr\/site\/wp-content\/uploads\/2020\/11\/les-ados-sur-la-colline-logo-2-600x424.jpg 600w\" sizes=\"auto, (max-width: 1024px) 100vw, 1024px\" \/><\/figure>\n\n\n\n<p><\/p>\n\n\n\n<h4 class=\"wp-block-heading has-text-align-center\"><span style=\"text-decoration: underline;\">CALENDRIER<\/span><\/h4>\n\n\n\n<h4 class=\"wp-block-heading\"><span style=\"color: #339966;\">Au printemps 2026, un s\u00e9jour de huit jours !<\/span><\/h4>\n\n\n\n<p class=\"has-text-align-center\"><strong>du dimanche 26 avril au dimanche 03 mai 2026<\/strong><\/p>\n\n\n\n<p>avec un bivouac en refuge, des feux de camp et des repas trappeurs, de la cuisine pour les gourmets, et un grand temps fort \u00e0 construire et animer tous ensemble,<\/p>\n\n\n\n<p>l&rsquo;aventure continue !<\/p>\n\n\n\n<h4 class=\"wp-block-heading\"><span style=\"color: #ff6600;\"><strong>Et pour cet \u00e9t\u00e9, le calendrier  est pr\u00eat <\/strong><\/span><\/h4>\n\n\n\n<p class=\"has-text-align-center\"><strong>du lundi 13 juillet au mercredi 22 juillet <\/strong><\/p>\n\n\n\n<p class=\"has-text-align-center\"><strong>du jeudi 23 juillet au samedi 1er ao\u00fbt<\/strong><\/p>\n\n\n\n<p>pour 10 jours de plein air, de cuisine, avec une itin\u00e9rance de 4 jours pour se construire des souvenirs pour toujours ! <\/p>\n\n\n\n<p><\/p>\n\n\n\n<p class=\"has-text-align-center\">En allant par l\u00e0 vous trouverez <a href=\"http:\/\/la-maraude.fr\/site\/le-projet-pedagogique\/\">l<\/a><a href=\"https:\/\/la-maraude.fr\/site\/projets-educatifs-et-pedagogiques\/\" data-type=\"page\" data-id=\"7\">e projet p\u00e9dagogique<\/a> qui pr\u00e9sente le s\u00e9jour plus en d\u00e9tails, et par ici,<a href=\"http:\/\/la-maraude.fr\/site\/les-dossiers-dinscription\/\">les dossiers d&rsquo;inscription. <\/a>Et les tarifs &#8230;<\/p>\n\n\n\n<p class=\"has-text-align-center\">N&rsquo;h\u00e9sitez pas \u00e0 nous <a href=\"http:\/\/la-maraude.fr\/site\/contacts\/\">contacter.<\/a><\/p>\n\n\n\n<p class=\"has-text-align-center\">C&rsquo;est 18 jeunes de 11 \u00e0 14 ans, sur le site de <a href=\"http:\/\/la-maraude.fr\/site\/les-lieux\/le-campement-des-maraudeurs\/\">Girech<\/a>, encadr\u00e9s de 4 animateurs et animatrices dipl\u00f4m\u00e9s avec une directrice BAFD.<\/p>\n\n\n\n<p class=\"has-text-align-center\">Un s\u00e9jour o\u00f9 les jeunes dorment dans des cabanes, pratiquent de nouvelles activit\u00e9s, partent en bivouac plusieurs jours, r\u00e9alisent l&rsquo;exploit d&rsquo;une grande randonn\u00e9e, peuvent organiser leurs journ\u00e9es, cuisinent un repas par jour, &#8230;<\/p>\n\n\n\n<p class=\"has-text-align-center\">Le tout sans \u00e9cran !<\/p>\n\n\n\n<p class=\"has-text-align-center\">Un s\u00e9jour de vacances, d&rsquo;aventure, de nature, de vie de groupe, &#8230;<\/p>\n\n\n\n<figure class=\"wp-block-gallery has-nested-images columns-default is-cropped wp-block-gallery-1 is-layout-flex wp-block-gallery-is-layout-flex\">\n<figure class=\"wp-block-image size-large\"><img loading=\"lazy\" decoding=\"async\" width=\"1024\" height=\"771\" data-id=\"2678\" src=\"https:\/\/la-maraude.fr\/site\/wp-content\/uploads\/2026\/01\/IMG20230508170631-1024x771.jpg\" alt=\"\" class=\"wp-image-2678\" srcset=\"https:\/\/la-maraude.fr\/site\/wp-content\/uploads\/2026\/01\/IMG20230508170631-1024x771.jpg 1024w, https:\/\/la-maraude.fr\/site\/wp-content\/uploads\/2026\/01\/IMG20230508170631-300x226.jpg 300w, https:\/\/la-maraude.fr\/site\/wp-content\/uploads\/2026\/01\/IMG20230508170631-1536x1157.jpg 1536w, https:\/\/la-maraude.fr\/site\/wp-content\/uploads\/2026\/01\/IMG20230508170631-2048x1542.jpg 2048w\" sizes=\"auto, (max-width: 1024px) 100vw, 1024px\" \/><\/figure>\n\n\n\n<figure class=\"wp-block-image size-large\"><img loading=\"lazy\" decoding=\"async\" width=\"1024\" height=\"771\" data-id=\"2378\" src=\"https:\/\/la-maraude.fr\/site\/wp-content\/uploads\/2023\/05\/IMG20230503114032-1024x771.jpg\" alt=\"\" class=\"wp-image-2378\"\/><\/figure>\n\n\n\n<figure class=\"wp-block-image size-large\"><img loading=\"lazy\" decoding=\"async\" width=\"1024\" height=\"771\" data-id=\"2377\" src=\"https:\/\/la-maraude.fr\/site\/wp-content\/uploads\/2023\/05\/IMG20230503113827-1024x771.jpg\" alt=\"\" class=\"wp-image-2377\"\/><\/figure>\n\n\n\n<figure class=\"wp-block-image size-large\"><img loading=\"lazy\" decoding=\"async\" width=\"771\" height=\"1024\" data-id=\"2373\" src=\"https:\/\/la-maraude.fr\/site\/wp-content\/uploads\/2023\/05\/IMG20230501150720-771x1024.jpg\" alt=\"\" class=\"wp-image-2373\" srcset=\"https:\/\/la-maraude.fr\/site\/wp-content\/uploads\/2023\/05\/IMG20230501150720-771x1024.jpg 771w, https:\/\/la-maraude.fr\/site\/wp-content\/uploads\/2023\/05\/IMG20230501150720-226x300.jpg 226w, https:\/\/la-maraude.fr\/site\/wp-content\/uploads\/2023\/05\/IMG20230501150720-1157x1536.jpg 1157w, https:\/\/la-maraude.fr\/site\/wp-content\/uploads\/2023\/05\/IMG20230501150720-1542x2048.jpg 1542w, https:\/\/la-maraude.fr\/site\/wp-content\/uploads\/2023\/05\/IMG20230501150720-scaled.jpg 1928w\" sizes=\"auto, (max-width: 771px) 100vw, 771px\" \/><\/figure>\n\n\n\n<figure class=\"wp-block-image size-large\"><img loading=\"lazy\" decoding=\"async\" width=\"1024\" height=\"771\" data-id=\"2372\" src=\"https:\/\/la-maraude.fr\/site\/wp-content\/uploads\/2023\/05\/IMG20230503153736-1024x771.jpg\" alt=\"\" class=\"wp-image-2372\" srcset=\"https:\/\/la-maraude.fr\/site\/wp-content\/uploads\/2023\/05\/IMG20230503153736-1024x771.jpg 1024w, https:\/\/la-maraude.fr\/site\/wp-content\/uploads\/2023\/05\/IMG20230503153736-300x226.jpg 300w, https:\/\/la-maraude.fr\/site\/wp-content\/uploads\/2023\/05\/IMG20230503153736-1536x1157.jpg 1536w, https:\/\/la-maraude.fr\/site\/wp-content\/uploads\/2023\/05\/IMG20230503153736-2048x1542.jpg 2048w\" sizes=\"auto, (max-width: 1024px) 100vw, 1024px\" \/><\/figure>\n\n\n\n<figure class=\"wp-block-image size-large\"><img loading=\"lazy\" decoding=\"async\" width=\"1024\" height=\"771\" data-id=\"2383\" src=\"https:\/\/la-maraude.fr\/site\/wp-content\/uploads\/2023\/05\/IMG20230507113204-1024x771.jpg\" alt=\"\" class=\"wp-image-2383\"\/><\/figure>\n\n\n\n<figure class=\"wp-block-image size-large\"><img loading=\"lazy\" decoding=\"async\" width=\"1024\" height=\"576\" data-id=\"2141\" src=\"https:\/\/la-maraude.fr\/site\/wp-content\/uploads\/2021\/09\/20210729_195311-1024x576.jpg\" alt=\"\" class=\"wp-image-2141\" srcset=\"https:\/\/la-maraude.fr\/site\/wp-content\/uploads\/2021\/09\/20210729_195311-1024x576.jpg 1024w, https:\/\/la-maraude.fr\/site\/wp-content\/uploads\/2021\/09\/20210729_195311-300x169.jpg 300w\" sizes=\"auto, (max-width: 1024px) 100vw, 1024px\" \/><\/figure>\n\n\n\n<figure class=\"wp-block-image size-large\"><img loading=\"lazy\" decoding=\"async\" width=\"1024\" height=\"768\" data-id=\"2142\" src=\"https:\/\/la-maraude.fr\/site\/wp-content\/uploads\/2021\/09\/IMG_20210717_200700-1024x768.jpg\" alt=\"\" class=\"wp-image-2142\"\/><\/figure>\n\n\n\n<figure class=\"wp-block-image size-large\"><img loading=\"lazy\" decoding=\"async\" width=\"1024\" height=\"683\" data-id=\"1741\" src=\"https:\/\/la-maraude.fr\/site\/wp-content\/uploads\/2020\/12\/IMG_2037-1024x683.jpg\" alt=\"\" class=\"wp-image-1741\"\/><\/figure>\n\n\n\n<figure class=\"wp-block-image size-large\"><img loading=\"lazy\" decoding=\"async\" width=\"1024\" height=\"768\" data-id=\"2145\" src=\"https:\/\/la-maraude.fr\/site\/wp-content\/uploads\/2021\/09\/IMG-20210720-WA0006-1024x768.jpg\" alt=\"\" class=\"wp-image-2145\"\/><\/figure>\n\n\n\n<figure class=\"wp-block-image size-large\"><img loading=\"lazy\" decoding=\"async\" width=\"1024\" height=\"768\" data-id=\"1434\" src=\"https:\/\/la-maraude.fr\/site\/wp-content\/uploads\/2020\/12\/PA170650-1024x768.jpg\" alt=\"\" class=\"wp-image-1434\"\/><\/figure>\n\n\n\n<figure class=\"wp-block-image size-large\"><img loading=\"lazy\" decoding=\"async\" width=\"1024\" height=\"768\" data-id=\"1435\" src=\"https:\/\/la-maraude.fr\/site\/wp-content\/uploads\/2020\/12\/PA170651-1024x768.jpg\" alt=\"\" class=\"wp-image-1435\"\/><\/figure>\n<\/figure>\n","protected":false},"excerpt":{"rendered":"<p>\u00ab\u00a0Les explorateurs sur la colline\u00a0\u00bb accueillent des enfants qui grandissent et qui ont toujours envie de venir, pour ouvrir des possibles \u00e0 tous les ados de 11 \u00e0 14 ans (entr\u00e9e au coll\u00e8ge effectu\u00e9e). CALENDRIER Au printemps 2026, un s\u00e9jour de huit jours ! du dimanche 26 avril au dimanche 03 mai 2026 avec un [&hellip;]<\/p>\n","protected":false},"author":2,"featured_media":0,"parent":126,"menu_order":0,"comment_status":"closed","ping_status":"closed","template":"","meta":{"footnotes":""},"class_list":["post-1624","page","type-page","status-publish","hentry"],"_links":{"self":[{"href":"https:\/\/la-maraude.fr\/site\/wp-json\/wp\/v2\/pages\/1624","targetHints":{"allow":["GET"]}}],"collection":[{"href":"https:\/\/la-maraude.fr\/site\/wp-json\/wp\/v2\/pages"}],"about":[{"href":"https:\/\/la-maraude.fr\/site\/wp-json\/wp\/v2\/types\/page"}],"author":[{"embeddable":true,"href":"https:\/\/la-maraude.fr\/site\/wp-json\/wp\/v2\/users\/2"}],"replies":[{"embeddable":true,"href":"https:\/\/la-maraude.fr\/site\/wp-json\/wp\/v2\/comments?post=1624"}],"version-history":[{"count":41,"href":"https:\/\/la-maraude.fr\/site\/wp-json\/wp\/v2\/pages\/1624\/revisions"}],"predecessor-version":[{"id":2793,"href":"https:\/\/la-maraude.fr\/site\/wp-json\/wp\/v2\/pages\/1624\/revisions\/2793"}],"up":[{"embeddable":true,"href":"https:\/\/la-maraude.fr\/site\/wp-json\/wp\/v2\/pages\/126"}],"wp:attachment":[{"href":"https:\/\/la-maraude.fr\/site\/wp-json\/wp\/v2\/media?parent=1624"}],"curies":[{"name":"wp","href":"https:\/\/api.w.org\/{rel}","templated":true}]}}