{"id":73,"date":"2013-10-31T13:28:14","date_gmt":"2013-10-31T12:28:14","guid":{"rendered":"http:\/\/la-maraude.fr\/site\/?page_id=73"},"modified":"2026-02-03T21:57:52","modified_gmt":"2026-02-03T20:57:52","slug":"contacts-et-adresse","status":"publish","type":"page","link":"http:\/\/la-maraude.fr\/site\/contacts-et-adresse\/","title":{"rendered":"Contacts et adresse"},"content":{"rendered":"\n<h2 class=\"wp-block-heading\">Contacts et adresse<\/h2>\n\n\n\n<h2 class=\"wp-block-heading has-text-align-left\">Nous sommes \u00e0 votre enti\u00e8re disposition  <\/h2>\n\n\n\n<h3 class=\"wp-block-heading alignwide has-text-align-center\"><a href=\"http:\/\/la-maraude.fr\/site\/wp-content\/uploads\/2014\/03\/legume-jardin-telephone.jpg\"><img loading=\"lazy\" decoding=\"async\" class=\"wp-image-259 size-medium aligncenter\" src=\"http:\/\/la-maraude.fr\/site\/wp-content\/uploads\/2014\/03\/legume-jardin-telephone-300x200.jpg\" alt=\"legume jardin telephone\" width=\"300\" height=\"200\" srcset=\"http:\/\/la-maraude.fr\/site\/wp-content\/uploads\/2014\/03\/legume-jardin-telephone-300x200.jpg 300w, http:\/\/la-maraude.fr\/site\/wp-content\/uploads\/2014\/03\/legume-jardin-telephone.jpg 400w\" sizes=\"auto, (max-width: 300px) 100vw, 300px\" \/><\/a><\/h3>\n\n\n\n<h4 class=\"wp-block-heading has-text-align-left\">Vous pouvez nous joindre tous les jours au 05.61.96.82.08<\/h4>\n\n\n\n<h4 class=\"wp-block-heading has-text-align-left\">Par courriel : contact@la-maraude.fr<\/h4>\n\n\n\n<h4 class=\"wp-block-heading has-text-align-left\">Pour venir :<\/h4>\n\n\n\n<div class=\"wp-block-group has-small-font-size is-layout-flow wp-block-group-is-layout-flow\" style=\"font-style:normal;font-weight:400\">\n<div class=\"wp-block-group is-layout-flow wp-block-group-is-layout-flow\">\n<p class=\"has-text-align-left\">Notre adresse :<\/p>\n\n\n\n<p class=\"has-text-align-left\">La Maraude<\/p>\n\n\n\n<p>1, rue des Templiers<\/p>\n\n\n\n<p class=\"has-text-align-left\">09800 Arrout.<\/p>\n\n\n\n<p class=\"has-text-align-left\">C&rsquo;est un petit village \u00e0 flan de colline, dans le Couserans ari\u00e9geois au pied des Pyr\u00e9n\u00e9es, \u00e0 1h30 en voiture de Toulouse.<\/p>\n\n\n\n<p class=\"has-text-align-left\">Nous nous ferons un plaisir de venir chercher les enfants \u00e0 la gare de St GIRONS.<\/p>\n\n\n\n<p class=\"has-text-align-left\">Ici, vous trouverez le lien vers une carte &#8230; Tous les chemins m\u00e8nent \u00e0 Arrout !<\/p>\n<\/div>\n<\/div>\n\n\n\n<p class=\"has-text-align-left\"><a href=\"https:\/\/fr.mappy.com\/plan\/09800-arrout\">https:\/\/fr.mappy.com\/plan\/09800-arrout<\/a><\/p>\n\n\n\n<p class=\"has-text-align-center\"><\/p>\n\n\n\n<h3 class=\"wp-block-heading has-text-align-left has-fit-text\">Et par ici, <a href=\"https:\/\/la-maraude.fr\/site\/les-dossiers-dinscription\/\" data-type=\"page\" data-id=\"29\">les dossiers d&rsquo;inscription<\/a>&#8230;<\/h3>\n\n\n\n<h4 class=\"wp-block-heading has-text-align-left\">Et aussi &#8230; Pensez \u00e0 nous suivre !<\/h4>\n\n\n\n<figure class=\"wp-block-image aligncenter is-resized\"><a href=\"https:\/\/www.facebook.com\/pages\/Association-la-maraude\/439570872876943\"><img loading=\"lazy\" decoding=\"async\" width=\"256\" height=\"256\" src=\"http:\/\/la-maraude.fr\/site\/wp-content\/uploads\/2015\/09\/Facebook-icon.png\" alt=\"Facebook-icon\" class=\"wp-image-707\" style=\"width:106px;height:106px\" srcset=\"http:\/\/la-maraude.fr\/site\/wp-content\/uploads\/2015\/09\/Facebook-icon.png 256w, http:\/\/la-maraude.fr\/site\/wp-content\/uploads\/2015\/09\/Facebook-icon-150x150.png 150w\" sizes=\"auto, (max-width: 256px) 100vw, 256px\" \/><\/a><\/figure>\n\n\n\n<figure class=\"wp-block-gallery has-nested-images columns-default is-cropped wp-block-gallery-1 is-layout-flex wp-block-gallery-is-layout-flex\">\n<figure class=\"wp-block-image size-large\"><img loading=\"lazy\" decoding=\"async\" width=\"1024\" height=\"683\" data-id=\"2677\" src=\"https:\/\/la-maraude.fr\/site\/wp-content\/uploads\/2026\/01\/P3100948-1024x683.jpg\" alt=\"\" class=\"wp-image-2677\" srcset=\"http:\/\/la-maraude.fr\/site\/wp-content\/uploads\/2026\/01\/P3100948-1024x683.jpg 1024w, http:\/\/la-maraude.fr\/site\/wp-content\/uploads\/2026\/01\/P3100948-300x200.jpg 300w, http:\/\/la-maraude.fr\/site\/wp-content\/uploads\/2026\/01\/P3100948-1536x1024.jpg 1536w, http:\/\/la-maraude.fr\/site\/wp-content\/uploads\/2026\/01\/P3100948-2048x1365.jpg 2048w\" sizes=\"auto, (max-width: 1024px) 100vw, 1024px\" \/><\/figure>\n\n\n\n<figure class=\"wp-block-image size-large\"><img loading=\"lazy\" decoding=\"async\" width=\"1024\" height=\"771\" data-id=\"2678\" src=\"https:\/\/la-maraude.fr\/site\/wp-content\/uploads\/2026\/01\/IMG20230508170631-1024x771.jpg\" alt=\"\" class=\"wp-image-2678\" srcset=\"http:\/\/la-maraude.fr\/site\/wp-content\/uploads\/2026\/01\/IMG20230508170631-1024x771.jpg 1024w, http:\/\/la-maraude.fr\/site\/wp-content\/uploads\/2026\/01\/IMG20230508170631-300x226.jpg 300w, http:\/\/la-maraude.fr\/site\/wp-content\/uploads\/2026\/01\/IMG20230508170631-1536x1157.jpg 1536w, http:\/\/la-maraude.fr\/site\/wp-content\/uploads\/2026\/01\/IMG20230508170631-2048x1542.jpg 2048w\" sizes=\"auto, (max-width: 1024px) 100vw, 1024px\" \/><\/figure>\n<\/figure>\n\n\n\n<p><\/p>\n","protected":false},"excerpt":{"rendered":"<p>Contacts et adresse Nous sommes \u00e0 votre enti\u00e8re disposition Vous pouvez nous joindre tous les jours au 05.61.96.82.08 Par courriel : contact@la-maraude.fr Pour venir : Notre adresse : La Maraude 1, rue des Templiers 09800 Arrout. C&rsquo;est un petit village \u00e0 flan de colline, dans le Couserans ari\u00e9geois au pied des Pyr\u00e9n\u00e9es, \u00e0 1h30 en [&hellip;]<\/p>\n","protected":false},"author":1,"featured_media":2137,"parent":0,"menu_order":0,"comment_status":"closed","ping_status":"closed","template":"","meta":{"footnotes":""},"class_list":["post-73","page","type-page","status-publish","has-post-thumbnail","hentry"],"_links":{"self":[{"href":"http:\/\/la-maraude.fr\/site\/wp-json\/wp\/v2\/pages\/73","targetHints":{"allow":["GET"]}}],"collection":[{"href":"http:\/\/la-maraude.fr\/site\/wp-json\/wp\/v2\/pages"}],"about":[{"href":"http:\/\/la-maraude.fr\/site\/wp-json\/wp\/v2\/types\/page"}],"author":[{"embeddable":true,"href":"http:\/\/la-maraude.fr\/site\/wp-json\/wp\/v2\/users\/1"}],"replies":[{"embeddable":true,"href":"http:\/\/la-maraude.fr\/site\/wp-json\/wp\/v2\/comments?post=73"}],"version-history":[{"count":34,"href":"http:\/\/la-maraude.fr\/site\/wp-json\/wp\/v2\/pages\/73\/revisions"}],"predecessor-version":[{"id":2761,"href":"http:\/\/la-maraude.fr\/site\/wp-json\/wp\/v2\/pages\/73\/revisions\/2761"}],"wp:featuredmedia":[{"embeddable":true,"href":"http:\/\/la-maraude.fr\/site\/wp-json\/wp\/v2\/media\/2137"}],"wp:attachment":[{"href":"http:\/\/la-maraude.fr\/site\/wp-json\/wp\/v2\/media?parent=73"}],"curies":[{"name":"wp","href":"https:\/\/api.w.org\/{rel}","templated":true}]}}