{"id":61,"date":"2013-10-31T13:24:04","date_gmt":"2013-10-31T12:24:04","guid":{"rendered":"http:\/\/la-maraude.fr\/site\/?page_id=61"},"modified":"2014-05-12T14:18:36","modified_gmt":"2014-05-12T13:18:36","slug":"les-mysteres-imaginaires","status":"publish","type":"page","link":"http:\/\/la-maraude.fr\/site\/les-activites\/les-mysteres-imaginaires\/","title":{"rendered":"Les Myst\u00e8res Imaginaires"},"content":{"rendered":"<blockquote>\n<h6><a href=\"http:\/\/la-maraude.fr\/site\/wp-content\/uploads\/2014\/03\/P1020093-.jpg\"><img loading=\"lazy\" decoding=\"async\" class=\"alignleft size-medium wp-image-345\" src=\"http:\/\/la-maraude.fr\/site\/wp-content\/uploads\/2014\/03\/P1020093--300x225.jpg\" alt=\"P1020093-\" width=\"300\" height=\"225\" srcset=\"http:\/\/la-maraude.fr\/site\/wp-content\/uploads\/2014\/03\/P1020093--300x225.jpg 300w, http:\/\/la-maraude.fr\/site\/wp-content\/uploads\/2014\/03\/P1020093-.jpg 800w\" sizes=\"auto, (max-width: 300px) 100vw, 300px\" \/><\/a>Moi, je suis habitu\u00e9, a la Maraude, y&rsquo;a toujours une histoire.<\/h6>\n<h6>Je sais pas pourquoi, mais il faut toujours retrouver une boite, un tr\u00e9sor, une pierre magique. La derni\u00e8re fois, une ch\u00e8vre avait aval\u00e9 l&rsquo;\u00e9toile polaire. Il y avait une affiche sur la place du village, parce que partout dans le monde, les gens la cherchaient. Et finalement, Tobbias, dans son troupeau, il avait une ch\u00e8vre qui faisait du lait avec des paillettes d&rsquo;or. On l&rsquo;a vu. M\u00eame que dans la nuit, elle brillait, on est tous all\u00e9 v\u00e9rifier a la bergerie pendant la nuit. Mais sans faire de bruit. Fallait pas l&rsquo;effrayer.<\/h6>\n<p>&nbsp;<\/p>\n<h6>Je suis parti avant la fin de l&rsquo;histoire, mais je suis sure que la bande a Aur\u00e9lie, ils ont r\u00e9solu l&rsquo;\u00e9nigme, elles \u00e9taient en train de fabriquer un pi\u00e8ge pour capturer la ch\u00e8vre et lui faire cracher l&rsquo;\u00e9toile.<\/h6>\n<p>&nbsp;<\/p>\n<h6>Moi, j&rsquo;aime bien jouer a croire aux histoires. Martin, il r\u00e2le tout le temps, mais je sais qu&rsquo;il aime bien jouer aussi, m\u00eame qu&rsquo;il en rajoute toujours.<\/h6>\n<p>&nbsp;<\/p><\/blockquote>\n<div id='gallery-1' class='gallery galleryid-61 gallery-columns-3 gallery-size-thumbnail'><figure class='gallery-item'>\n\t\t\t<div class='gallery-icon landscape'>\n\t\t\t\t<a href='http:\/\/la-maraude.fr\/site\/wp-content\/uploads\/2014\/03\/P1020093-.jpg'><img loading=\"lazy\" decoding=\"async\" width=\"150\" height=\"150\" src=\"http:\/\/la-maraude.fr\/site\/wp-content\/uploads\/2014\/03\/P1020093--150x150.jpg\" class=\"attachment-thumbnail size-thumbnail\" alt=\"\" \/><\/a>\n\t\t\t<\/div><\/figure><figure class='gallery-item'>\n\t\t\t<div class='gallery-icon landscape'>\n\t\t\t\t<a href='http:\/\/la-maraude.fr\/site\/wp-content\/uploads\/2014\/03\/spectacle-arc-en-ciel-place-village.jpg'><img loading=\"lazy\" decoding=\"async\" width=\"150\" height=\"150\" src=\"http:\/\/la-maraude.fr\/site\/wp-content\/uploads\/2014\/03\/spectacle-arc-en-ciel-place-village-150x150.jpg\" class=\"attachment-thumbnail size-thumbnail\" alt=\"\" \/><\/a>\n\t\t\t<\/div><\/figure><figure class='gallery-item'>\n\t\t\t<div class='gallery-icon landscape'>\n\t\t\t\t<a href='http:\/\/la-maraude.fr\/site\/wp-content\/uploads\/2014\/03\/P1060311-.jpg'><img loading=\"lazy\" decoding=\"async\" width=\"150\" height=\"150\" src=\"http:\/\/la-maraude.fr\/site\/wp-content\/uploads\/2014\/03\/P1060311--150x150.jpg\" class=\"attachment-thumbnail size-thumbnail\" alt=\"\" \/><\/a>\n\t\t\t<\/div><\/figure><figure class='gallery-item'>\n\t\t\t<div class='gallery-icon landscape'>\n\t\t\t\t<a href='http:\/\/la-maraude.fr\/site\/wp-content\/uploads\/2014\/03\/Dragon-nuit.jpg'><img loading=\"lazy\" decoding=\"async\" width=\"150\" height=\"150\" src=\"http:\/\/la-maraude.fr\/site\/wp-content\/uploads\/2014\/03\/Dragon-nuit-150x150.jpg\" class=\"attachment-thumbnail size-thumbnail\" alt=\"\" \/><\/a>\n\t\t\t<\/div><\/figure><figure class='gallery-item'>\n\t\t\t<div class='gallery-icon landscape'>\n\t\t\t\t<a href='http:\/\/la-maraude.fr\/site\/wp-content\/uploads\/2014\/03\/spectacle-de-nuit-feu.jpg'><img loading=\"lazy\" decoding=\"async\" width=\"150\" height=\"150\" src=\"http:\/\/la-maraude.fr\/site\/wp-content\/uploads\/2014\/03\/spectacle-de-nuit-feu-150x150.jpg\" class=\"attachment-thumbnail size-thumbnail\" alt=\"\" \/><\/a>\n\t\t\t<\/div><\/figure><figure class='gallery-item'>\n\t\t\t<div class='gallery-icon landscape'>\n\t\t\t\t<a href='http:\/\/la-maraude.fr\/site\/wp-content\/uploads\/2014\/03\/telephone-coquillage.jpg'><img loading=\"lazy\" decoding=\"async\" width=\"150\" height=\"150\" src=\"http:\/\/la-maraude.fr\/site\/wp-content\/uploads\/2014\/03\/telephone-coquillage-150x150.jpg\" class=\"attachment-thumbnail size-thumbnail\" alt=\"\" \/><\/a>\n\t\t\t<\/div><\/figure>\n\t\t<\/div>\n\n","protected":false},"excerpt":{"rendered":"<p>Moi, je suis habitu\u00e9, a la Maraude, y&rsquo;a toujours une histoire. Je sais pas pourquoi, mais il faut toujours retrouver une boite, un tr\u00e9sor, une pierre magique. La derni\u00e8re fois, une ch\u00e8vre avait aval\u00e9 l&rsquo;\u00e9toile polaire. Il y avait une affiche sur la place du village, parce que partout dans le monde, les gens la [&hellip;]<\/p>\n","protected":false},"author":1,"featured_media":0,"parent":47,"menu_order":7,"comment_status":"closed","ping_status":"open","template":"","meta":{"footnotes":""},"class_list":["post-61","page","type-page","status-publish","hentry"],"_links":{"self":[{"href":"http:\/\/la-maraude.fr\/site\/wp-json\/wp\/v2\/pages\/61","targetHints":{"allow":["GET"]}}],"collection":[{"href":"http:\/\/la-maraude.fr\/site\/wp-json\/wp\/v2\/pages"}],"about":[{"href":"http:\/\/la-maraude.fr\/site\/wp-json\/wp\/v2\/types\/page"}],"author":[{"embeddable":true,"href":"http:\/\/la-maraude.fr\/site\/wp-json\/wp\/v2\/users\/1"}],"replies":[{"embeddable":true,"href":"http:\/\/la-maraude.fr\/site\/wp-json\/wp\/v2\/comments?post=61"}],"version-history":[{"count":6,"href":"http:\/\/la-maraude.fr\/site\/wp-json\/wp\/v2\/pages\/61\/revisions"}],"predecessor-version":[{"id":581,"href":"http:\/\/la-maraude.fr\/site\/wp-json\/wp\/v2\/pages\/61\/revisions\/581"}],"up":[{"embeddable":true,"href":"http:\/\/la-maraude.fr\/site\/wp-json\/wp\/v2\/pages\/47"}],"wp:attachment":[{"href":"http:\/\/la-maraude.fr\/site\/wp-json\/wp\/v2\/media?parent=61"}],"curies":[{"name":"wp","href":"https:\/\/api.w.org\/{rel}","templated":true}]}}