{"id":57,"date":"2013-10-31T13:23:10","date_gmt":"2013-10-31T12:23:10","guid":{"rendered":"http:\/\/la-maraude.fr\/site\/?page_id=57"},"modified":"2014-05-12T14:08:42","modified_gmt":"2014-05-12T13:08:42","slug":"espaces-de-creation","status":"publish","type":"page","link":"http:\/\/la-maraude.fr\/site\/les-activites\/espaces-de-creation\/","title":{"rendered":"Espaces de Cr\u00e9ation"},"content":{"rendered":"<blockquote>\n<h6><a href=\"http:\/\/la-maraude.fr\/site\/wp-content\/uploads\/2014\/03\/chevre-esthete-017.jpg\"><img loading=\"lazy\" decoding=\"async\" class=\"alignleft size-medium wp-image-331\" src=\"http:\/\/la-maraude.fr\/site\/wp-content\/uploads\/2014\/03\/chevre-esthete-017-300x225.jpg\" alt=\"chevre-esthete-017\" width=\"300\" height=\"225\" srcset=\"http:\/\/la-maraude.fr\/site\/wp-content\/uploads\/2014\/03\/chevre-esthete-017-300x225.jpg 300w, http:\/\/la-maraude.fr\/site\/wp-content\/uploads\/2014\/03\/chevre-esthete-017.jpg 800w\" sizes=\"auto, (max-width: 300px) 100vw, 300px\" \/><\/a>C&rsquo;est une nouvelle pi\u00e8ce de la Maraude. On est tout au fond du jardin, et la y&rsquo;a tout le mat\u00e9riel pour fabriquer le papier recycl\u00e9. On a choisi de faire des petits carnets pour noter les recettes.<\/h6>\n<h6>Le papier recycl\u00e9, c&rsquo;est trop bien, et puis \u00e7a sauve les arbres et toute la nature. Moi, j&rsquo;ai gard\u00e9 mes vieux avions en papier pour les mettre dans la potion.<\/h6>\n<p>&nbsp;<\/p>\n<h6>Faut d\u00e9chirer le papier en petit petit, on le met dans l&rsquo;eau et \u00e7a fait une esp\u00e8ce de soupe. C&rsquo;est trop rigolo, avec Damien, on s&rsquo;amuse avec la louche, et puis \u00e7a colle aux doigts, on s&rsquo;en met un peu partout, mais on est des artistes.<\/h6>\n<p>&nbsp;<\/p>\n<h6><a href=\"http:\/\/la-maraude.fr\/site\/wp-content\/uploads\/2014\/03\/deco-nature.jpg\"><img loading=\"lazy\" decoding=\"async\" class=\"alignright size-medium wp-image-333\" src=\"http:\/\/la-maraude.fr\/site\/wp-content\/uploads\/2014\/03\/deco-nature-300x225.jpg\" alt=\"deco-nature\" width=\"300\" height=\"225\" srcset=\"http:\/\/la-maraude.fr\/site\/wp-content\/uploads\/2014\/03\/deco-nature-300x225.jpg 300w, http:\/\/la-maraude.fr\/site\/wp-content\/uploads\/2014\/03\/deco-nature.jpg 800w\" sizes=\"auto, (max-width: 300px) 100vw, 300px\" \/><\/a>Apr\u00e8s il faut prendre les tamis et on fabrique les feuilles. C&rsquo;est comme l&rsquo;usine, on passe un par un et surtout il faut pas laisser de bulles d&rsquo;air, Magali a mis des paillettes, j&rsquo;esp\u00e8re que \u00e7a sera joli.<\/h6>\n<p>&nbsp;<\/p>\n<h6>On va garder des feuilles, les plus jolies pour notre expo de samedi. Il faut rassembler des couleurs pour retrouver le nid de l&rsquo;arc en ciel.<\/h6>\n<p>&nbsp;<\/p><\/blockquote>\n<div id='gallery-1' class='gallery galleryid-57 gallery-columns-3 gallery-size-thumbnail'><figure class='gallery-item'>\n\t\t\t<div class='gallery-icon landscape'>\n\t\t\t\t<a href='http:\/\/la-maraude.fr\/site\/wp-content\/uploads\/2014\/03\/chevre-esthete-017.jpg'><img loading=\"lazy\" decoding=\"async\" width=\"150\" height=\"150\" src=\"http:\/\/la-maraude.fr\/site\/wp-content\/uploads\/2014\/03\/chevre-esthete-017-150x150.jpg\" class=\"attachment-thumbnail size-thumbnail\" alt=\"\" \/><\/a>\n\t\t\t<\/div><\/figure><figure class='gallery-item'>\n\t\t\t<div class='gallery-icon landscape'>\n\t\t\t\t<a href='http:\/\/la-maraude.fr\/site\/wp-content\/uploads\/2014\/03\/oeufs-colores.jpg'><img loading=\"lazy\" decoding=\"async\" width=\"150\" height=\"150\" src=\"http:\/\/la-maraude.fr\/site\/wp-content\/uploads\/2014\/03\/oeufs-colores-150x150.jpg\" class=\"attachment-thumbnail size-thumbnail\" alt=\"\" \/><\/a>\n\t\t\t<\/div><\/figure><figure class='gallery-item'>\n\t\t\t<div class='gallery-icon portrait'>\n\t\t\t\t<a href='http:\/\/la-maraude.fr\/site\/wp-content\/uploads\/2014\/03\/creation-arc-en-ciel.jpg'><img loading=\"lazy\" decoding=\"async\" width=\"150\" height=\"150\" src=\"http:\/\/la-maraude.fr\/site\/wp-content\/uploads\/2014\/03\/creation-arc-en-ciel-150x150.jpg\" class=\"attachment-thumbnail size-thumbnail\" alt=\"\" \/><\/a>\n\t\t\t<\/div><\/figure><figure class='gallery-item'>\n\t\t\t<div class='gallery-icon landscape'>\n\t\t\t\t<a href='http:\/\/la-maraude.fr\/site\/wp-content\/uploads\/2014\/03\/deco-nature.jpg'><img loading=\"lazy\" decoding=\"async\" width=\"150\" height=\"150\" src=\"http:\/\/la-maraude.fr\/site\/wp-content\/uploads\/2014\/03\/deco-nature-150x150.jpg\" class=\"attachment-thumbnail size-thumbnail\" alt=\"\" \/><\/a>\n\t\t\t<\/div><\/figure><figure class='gallery-item'>\n\t\t\t<div class='gallery-icon portrait'>\n\t\t\t\t<a href='http:\/\/la-maraude.fr\/site\/wp-content\/uploads\/2014\/03\/expo-pirate.jpg'><img loading=\"lazy\" decoding=\"async\" width=\"150\" height=\"150\" src=\"http:\/\/la-maraude.fr\/site\/wp-content\/uploads\/2014\/03\/expo-pirate-150x150.jpg\" class=\"attachment-thumbnail size-thumbnail\" alt=\"\" \/><\/a>\n\t\t\t<\/div><\/figure>\n\t\t<\/div>\n\n","protected":false},"excerpt":{"rendered":"<p>C&rsquo;est une nouvelle pi\u00e8ce de la Maraude. On est tout au fond du jardin, et la y&rsquo;a tout le mat\u00e9riel pour fabriquer le papier recycl\u00e9. On a choisi de faire des petits carnets pour noter les recettes. Le papier recycl\u00e9, c&rsquo;est trop bien, et puis \u00e7a sauve les arbres et toute la nature. Moi, j&rsquo;ai [&hellip;]<\/p>\n","protected":false},"author":1,"featured_media":0,"parent":47,"menu_order":5,"comment_status":"closed","ping_status":"open","template":"","meta":{"footnotes":""},"class_list":["post-57","page","type-page","status-publish","hentry"],"_links":{"self":[{"href":"http:\/\/la-maraude.fr\/site\/wp-json\/wp\/v2\/pages\/57","targetHints":{"allow":["GET"]}}],"collection":[{"href":"http:\/\/la-maraude.fr\/site\/wp-json\/wp\/v2\/pages"}],"about":[{"href":"http:\/\/la-maraude.fr\/site\/wp-json\/wp\/v2\/types\/page"}],"author":[{"embeddable":true,"href":"http:\/\/la-maraude.fr\/site\/wp-json\/wp\/v2\/users\/1"}],"replies":[{"embeddable":true,"href":"http:\/\/la-maraude.fr\/site\/wp-json\/wp\/v2\/comments?post=57"}],"version-history":[{"count":7,"href":"http:\/\/la-maraude.fr\/site\/wp-json\/wp\/v2\/pages\/57\/revisions"}],"predecessor-version":[{"id":574,"href":"http:\/\/la-maraude.fr\/site\/wp-json\/wp\/v2\/pages\/57\/revisions\/574"}],"up":[{"embeddable":true,"href":"http:\/\/la-maraude.fr\/site\/wp-json\/wp\/v2\/pages\/47"}],"wp:attachment":[{"href":"http:\/\/la-maraude.fr\/site\/wp-json\/wp\/v2\/media?parent=57"}],"curies":[{"name":"wp","href":"https:\/\/api.w.org\/{rel}","templated":true}]}}