{"id":55,"date":"2013-10-31T13:22:50","date_gmt":"2013-10-31T12:22:50","guid":{"rendered":"http:\/\/la-maraude.fr\/site\/?page_id=55"},"modified":"2014-05-12T14:02:41","modified_gmt":"2014-05-12T13:02:41","slug":"la-cuisine-pedagogique","status":"publish","type":"page","link":"http:\/\/la-maraude.fr\/site\/les-activites\/la-cuisine-pedagogique\/","title":{"rendered":"La Cuisine P\u00e9dagogique"},"content":{"rendered":"<blockquote>\n<h6><a href=\"http:\/\/la-maraude.fr\/site\/wp-content\/uploads\/2014\/03\/plat.jpg\"><img loading=\"lazy\" decoding=\"async\" class=\"alignleft size-medium wp-image-319\" src=\"http:\/\/la-maraude.fr\/site\/wp-content\/uploads\/2014\/03\/plat-300x225.jpg\" alt=\"plat\" width=\"300\" height=\"225\" srcset=\"http:\/\/la-maraude.fr\/site\/wp-content\/uploads\/2014\/03\/plat-300x225.jpg 300w, http:\/\/la-maraude.fr\/site\/wp-content\/uploads\/2014\/03\/plat.jpg 800w\" sizes=\"auto, (max-width: 300px) 100vw, 300px\" \/><\/a>Je suis en activit\u00e9 dans la petite cuisine. J&rsquo;adore, y&rsquo;a trop de trucs, des verrines et des siphons pour faire des mousses, pleins d&rsquo;\u00e9pices et on choisit les recettes ensembles, et puis apr\u00e8s on peut faire la d\u00e9co. Aujourd&rsquo;hui, c&rsquo;est l&rsquo;anniversaire de Berg\u00e8re. On va lui faire un g\u00e2teau g\u00e9nial.<\/h6>\n<p>&nbsp;<\/p>\n<h6>Je sais pas trop casser les \u0153ufs et s\u00e9parer le jaune et le blanc. Heureusement que Mathilde m&rsquo;a aid\u00e9, parce que sinon, les blancs ne se transforment pas en neige. On a aussi fait des calculs, et on a le droit d&rsquo;\u00e9crire sur les murs pour pas se tromper. Moi, j&rsquo;ai \u00e9crit: gouter, ce n&rsquo;est pas manger, parce que y&rsquo;en a, ils mangent tout ce qu&rsquo;ils cuisinent.<\/h6>\n<p>&nbsp;<\/p>\n<h6><a href=\"http:\/\/la-maraude.fr\/site\/wp-content\/uploads\/2014\/03\/cuisine-enfarinee.jpg\"><img loading=\"lazy\" decoding=\"async\" class=\"alignright size-medium wp-image-317\" src=\"http:\/\/la-maraude.fr\/site\/wp-content\/uploads\/2014\/03\/cuisine-enfarinee-300x199.jpg\" alt=\"cuisine-enfarinee\" width=\"300\" height=\"199\" srcset=\"http:\/\/la-maraude.fr\/site\/wp-content\/uploads\/2014\/03\/cuisine-enfarinee-300x199.jpg 300w, http:\/\/la-maraude.fr\/site\/wp-content\/uploads\/2014\/03\/cuisine-enfarinee.jpg 800w\" sizes=\"auto, (max-width: 300px) 100vw, 300px\" \/><\/a>Oui mais apr\u00e8s on a plus faim, et surtout, moi j&rsquo;aime bien la surprise quand c&rsquo;est cuit. Y&rsquo;a des gouts qui font la f\u00eate dans la bouche et qui restent apr\u00e8s dans la t\u00eate.<\/h6>\n<p>&nbsp;<\/p>\n<p>&nbsp;<\/p><\/blockquote>\n<div id='gallery-1' class='gallery galleryid-55 gallery-columns-4 gallery-size-thumbnail'><figure class='gallery-item'>\n\t\t\t<div class='gallery-icon portrait'>\n\t\t\t\t<a href='http:\/\/la-maraude.fr\/site\/wp-content\/uploads\/2014\/03\/broyer-pommes2.jpg'><img loading=\"lazy\" decoding=\"async\" width=\"150\" height=\"150\" src=\"http:\/\/la-maraude.fr\/site\/wp-content\/uploads\/2014\/03\/broyer-pommes2-150x150.jpg\" class=\"attachment-thumbnail size-thumbnail\" alt=\"\" \/><\/a>\n\t\t\t<\/div><\/figure><figure class='gallery-item'>\n\t\t\t<div class='gallery-icon portrait'>\n\t\t\t\t<a href='http:\/\/la-maraude.fr\/site\/wp-content\/uploads\/2014\/03\/broyer-pommes.jpg'><img loading=\"lazy\" decoding=\"async\" width=\"150\" height=\"150\" src=\"http:\/\/la-maraude.fr\/site\/wp-content\/uploads\/2014\/03\/broyer-pommes-150x150.jpg\" class=\"attachment-thumbnail size-thumbnail\" alt=\"\" \/><\/a>\n\t\t\t<\/div><\/figure><figure class='gallery-item'>\n\t\t\t<div class='gallery-icon landscape'>\n\t\t\t\t<a href='http:\/\/la-maraude.fr\/site\/wp-content\/uploads\/2014\/03\/teeshirt-et-sac.jpg'><img loading=\"lazy\" decoding=\"async\" width=\"150\" height=\"150\" src=\"http:\/\/la-maraude.fr\/site\/wp-content\/uploads\/2014\/03\/teeshirt-et-sac-150x150.jpg\" class=\"attachment-thumbnail size-thumbnail\" alt=\"\" \/><\/a>\n\t\t\t<\/div><\/figure><figure class='gallery-item'>\n\t\t\t<div class='gallery-icon landscape'>\n\t\t\t\t<a href='http:\/\/la-maraude.fr\/site\/wp-content\/uploads\/2014\/03\/sac-de-marazude.jpg'><img loading=\"lazy\" decoding=\"async\" width=\"150\" height=\"150\" src=\"http:\/\/la-maraude.fr\/site\/wp-content\/uploads\/2014\/03\/sac-de-marazude-150x150.jpg\" class=\"attachment-thumbnail size-thumbnail\" alt=\"\" \/><\/a>\n\t\t\t<\/div><\/figure><figure class='gallery-item'>\n\t\t\t<div class='gallery-icon portrait'>\n\t\t\t\t<a href='http:\/\/la-maraude.fr\/site\/wp-content\/uploads\/2014\/03\/recolte-pommes.jpg'><img loading=\"lazy\" decoding=\"async\" width=\"150\" height=\"150\" src=\"http:\/\/la-maraude.fr\/site\/wp-content\/uploads\/2014\/03\/recolte-pommes-150x150.jpg\" class=\"attachment-thumbnail size-thumbnail\" alt=\"\" \/><\/a>\n\t\t\t<\/div><\/figure><figure class='gallery-item'>\n\t\t\t<div class='gallery-icon landscape'>\n\t\t\t\t<a href='http:\/\/la-maraude.fr\/site\/wp-content\/uploads\/2014\/03\/plat.jpg'><img loading=\"lazy\" decoding=\"async\" width=\"150\" height=\"150\" src=\"http:\/\/la-maraude.fr\/site\/wp-content\/uploads\/2014\/03\/plat-150x150.jpg\" class=\"attachment-thumbnail size-thumbnail\" alt=\"\" \/><\/a>\n\t\t\t<\/div><\/figure><figure class='gallery-item'>\n\t\t\t<div class='gallery-icon landscape'>\n\t\t\t\t<a href='http:\/\/la-maraude.fr\/site\/wp-content\/uploads\/2014\/03\/et-dessert.jpg'><img loading=\"lazy\" decoding=\"async\" width=\"150\" height=\"150\" src=\"http:\/\/la-maraude.fr\/site\/wp-content\/uploads\/2014\/03\/et-dessert-150x150.jpg\" class=\"attachment-thumbnail size-thumbnail\" alt=\"\" \/><\/a>\n\t\t\t<\/div><\/figure><figure class='gallery-item'>\n\t\t\t<div class='gallery-icon landscape'>\n\t\t\t\t<a href='http:\/\/la-maraude.fr\/site\/wp-content\/uploads\/2014\/03\/cuisine-enfarinee.jpg'><img loading=\"lazy\" decoding=\"async\" width=\"150\" height=\"150\" src=\"http:\/\/la-maraude.fr\/site\/wp-content\/uploads\/2014\/03\/cuisine-enfarinee-150x150.jpg\" class=\"attachment-thumbnail size-thumbnail\" alt=\"\" \/><\/a>\n\t\t\t<\/div><\/figure>\n\t\t<\/div>\n\n","protected":false},"excerpt":{"rendered":"<p>Je suis en activit\u00e9 dans la petite cuisine. J&rsquo;adore, y&rsquo;a trop de trucs, des verrines et des siphons pour faire des mousses, pleins d&rsquo;\u00e9pices et on choisit les recettes ensembles, et puis apr\u00e8s on peut faire la d\u00e9co. Aujourd&rsquo;hui, c&rsquo;est l&rsquo;anniversaire de Berg\u00e8re. On va lui faire un g\u00e2teau g\u00e9nial. &nbsp; Je sais pas trop [&hellip;]<\/p>\n","protected":false},"author":1,"featured_media":0,"parent":47,"menu_order":4,"comment_status":"closed","ping_status":"open","template":"","meta":{"footnotes":""},"class_list":["post-55","page","type-page","status-publish","hentry"],"_links":{"self":[{"href":"http:\/\/la-maraude.fr\/site\/wp-json\/wp\/v2\/pages\/55","targetHints":{"allow":["GET"]}}],"collection":[{"href":"http:\/\/la-maraude.fr\/site\/wp-json\/wp\/v2\/pages"}],"about":[{"href":"http:\/\/la-maraude.fr\/site\/wp-json\/wp\/v2\/types\/page"}],"author":[{"embeddable":true,"href":"http:\/\/la-maraude.fr\/site\/wp-json\/wp\/v2\/users\/1"}],"replies":[{"embeddable":true,"href":"http:\/\/la-maraude.fr\/site\/wp-json\/wp\/v2\/comments?post=55"}],"version-history":[{"count":6,"href":"http:\/\/la-maraude.fr\/site\/wp-json\/wp\/v2\/pages\/55\/revisions"}],"predecessor-version":[{"id":568,"href":"http:\/\/la-maraude.fr\/site\/wp-json\/wp\/v2\/pages\/55\/revisions\/568"}],"up":[{"embeddable":true,"href":"http:\/\/la-maraude.fr\/site\/wp-json\/wp\/v2\/pages\/47"}],"wp:attachment":[{"href":"http:\/\/la-maraude.fr\/site\/wp-json\/wp\/v2\/media?parent=55"}],"curies":[{"name":"wp","href":"https:\/\/api.w.org\/{rel}","templated":true}]}}