{"id":53,"date":"2013-10-31T13:22:21","date_gmt":"2013-10-31T12:22:21","guid":{"rendered":"http:\/\/la-maraude.fr\/site\/?page_id=53"},"modified":"2014-12-19T11:43:05","modified_gmt":"2014-12-19T10:43:05","slug":"le-poulailler","status":"publish","type":"page","link":"http:\/\/la-maraude.fr\/site\/les-activites\/le-poulailler\/","title":{"rendered":"Le Poulailler"},"content":{"rendered":"<blockquote>\n<h6><a href=\"http:\/\/la-maraude.fr\/site\/wp-content\/uploads\/2014\/03\/poules-encadrees.jpg\"><img loading=\"lazy\" decoding=\"async\" class=\"alignleft size-medium wp-image-336\" src=\"http:\/\/la-maraude.fr\/site\/wp-content\/uploads\/2014\/03\/poules-encadrees-300x225.jpg\" alt=\"poules-encadrees\" width=\"300\" height=\"225\" srcset=\"http:\/\/la-maraude.fr\/site\/wp-content\/uploads\/2014\/03\/poules-encadrees-300x225.jpg 300w, http:\/\/la-maraude.fr\/site\/wp-content\/uploads\/2014\/03\/poules-encadrees.jpg 800w\" sizes=\"auto, (max-width: 300px) 100vw, 300px\" \/><\/a>Tous les matins, y&rsquo;a le groupe des petites poules. J&rsquo;y vais autant que je peux. J&rsquo;adore rentrer dans le poulailler, m\u00eame si \u00e7a sent pas tr\u00e8s bon. On peut s&rsquo;assoir calmement et les poules, au bout d&rsquo;un moment, elles viennent me manger dans la main. Y&rsquo;en a qu&rsquo;on peur, ils rentrent pas, moi j&rsquo;aime quand elles s&rsquo;approchent avec leurs yeux tout rond. Surtout la pintade, elle est trop belle avec ses plumes tachet\u00e9es.<\/h6>\n<p>&nbsp;<\/p>\n<h6><a href=\"http:\/\/la-maraude.fr\/site\/wp-content\/uploads\/2014\/03\/le-poulailler.jpg\"><img loading=\"lazy\" decoding=\"async\" class=\"alignright size-medium wp-image-337\" src=\"http:\/\/la-maraude.fr\/site\/wp-content\/uploads\/2014\/03\/le-poulailler-300x225.jpg\" alt=\"le-poulailler\" width=\"300\" height=\"225\" srcset=\"http:\/\/la-maraude.fr\/site\/wp-content\/uploads\/2014\/03\/le-poulailler-300x225.jpg 300w, http:\/\/la-maraude.fr\/site\/wp-content\/uploads\/2014\/03\/le-poulailler.jpg 800w\" sizes=\"auto, (max-width: 300px) 100vw, 300px\" \/><\/a>Comme elle me fait confiance, Lalie m&rsquo;a autoris\u00e9 a aller toute seule ramasser les \u0153ufs ce matin. J&rsquo;ai pris le panier et il y en avait 6. Les beaux \u0153ufs chocolat des poules aux \u0153ufs d&rsquo;or. La tourterelle m&rsquo;est pass\u00e9e juste au dessus de la t\u00eate. C&rsquo;est bizarre, il y a un moineau qui est rentr\u00e9. Il faut que je le dise a Berg\u00e8re, pour qu&rsquo;elle le lib\u00e8re. C&rsquo;est tout petit un moineau, \u00e7a doit faire des \u0153ufs minuscules, compar\u00e9s \u00e0 ceux de la cane.<\/h6>\n<p>&nbsp;<\/p>\n<h6>Je me demandais aussi, en premier, c&rsquo;\u00e9tait l\u2019\u0153uf ou la poule ?<\/h6>\n<\/blockquote>\n<div id='gallery-1' class='gallery galleryid-53 gallery-columns-3 gallery-size-thumbnail'><figure class='gallery-item'>\n\t\t\t<div class='gallery-icon landscape'>\n\t\t\t\t<a href='http:\/\/la-maraude.fr\/site\/wp-content\/uploads\/2014\/03\/le-poulailler.jpg'><img loading=\"lazy\" decoding=\"async\" width=\"150\" height=\"150\" src=\"http:\/\/la-maraude.fr\/site\/wp-content\/uploads\/2014\/03\/le-poulailler-150x150.jpg\" class=\"attachment-thumbnail size-thumbnail\" alt=\"\" \/><\/a>\n\t\t\t<\/div><\/figure><figure class='gallery-item'>\n\t\t\t<div class='gallery-icon landscape'>\n\t\t\t\t<a href='http:\/\/la-maraude.fr\/site\/wp-content\/uploads\/2014\/03\/poules-encadrees.jpg'><img loading=\"lazy\" decoding=\"async\" width=\"150\" height=\"150\" src=\"http:\/\/la-maraude.fr\/site\/wp-content\/uploads\/2014\/03\/poules-encadrees-150x150.jpg\" class=\"attachment-thumbnail size-thumbnail\" alt=\"\" \/><\/a>\n\t\t\t<\/div><\/figure><figure class='gallery-item'>\n\t\t\t<div class='gallery-icon portrait'>\n\t\t\t\t<a href='http:\/\/la-maraude.fr\/site\/wp-content\/uploads\/2014\/03\/poulailler-a-2.jpg'><img loading=\"lazy\" decoding=\"async\" width=\"150\" height=\"150\" src=\"http:\/\/la-maraude.fr\/site\/wp-content\/uploads\/2014\/03\/poulailler-a-2-150x150.jpg\" class=\"attachment-thumbnail size-thumbnail\" alt=\"\" \/><\/a>\n\t\t\t<\/div><\/figure><figure class='gallery-item'>\n\t\t\t<div class='gallery-icon portrait'>\n\t\t\t\t<a href='http:\/\/la-maraude.fr\/site\/wp-content\/uploads\/2014\/03\/melissa.jpg'><img loading=\"lazy\" decoding=\"async\" width=\"150\" height=\"150\" src=\"http:\/\/la-maraude.fr\/site\/wp-content\/uploads\/2014\/03\/melissa-150x150.jpg\" class=\"attachment-thumbnail size-thumbnail\" alt=\"\" \/><\/a>\n\t\t\t<\/div><\/figure><figure class='gallery-item'>\n\t\t\t<div class='gallery-icon landscape'>\n\t\t\t\t<a href='http:\/\/la-maraude.fr\/site\/wp-content\/uploads\/2014\/03\/le-poulailler-allonge.jpg'><img loading=\"lazy\" decoding=\"async\" width=\"150\" height=\"150\" src=\"http:\/\/la-maraude.fr\/site\/wp-content\/uploads\/2014\/03\/le-poulailler-allonge-150x150.jpg\" class=\"attachment-thumbnail size-thumbnail\" alt=\"\" \/><\/a>\n\t\t\t<\/div><\/figure>\n\t\t<\/div>\n\n","protected":false},"excerpt":{"rendered":"<p>Tous les matins, y&rsquo;a le groupe des petites poules. J&rsquo;y vais autant que je peux. J&rsquo;adore rentrer dans le poulailler, m\u00eame si \u00e7a sent pas tr\u00e8s bon. On peut s&rsquo;assoir calmement et les poules, au bout d&rsquo;un moment, elles viennent me manger dans la main. Y&rsquo;en a qu&rsquo;on peur, ils rentrent pas, moi j&rsquo;aime quand [&hellip;]<\/p>\n","protected":false},"author":1,"featured_media":0,"parent":47,"menu_order":3,"comment_status":"closed","ping_status":"open","template":"","meta":{"footnotes":""},"class_list":["post-53","page","type-page","status-publish","hentry"],"_links":{"self":[{"href":"http:\/\/la-maraude.fr\/site\/wp-json\/wp\/v2\/pages\/53","targetHints":{"allow":["GET"]}}],"collection":[{"href":"http:\/\/la-maraude.fr\/site\/wp-json\/wp\/v2\/pages"}],"about":[{"href":"http:\/\/la-maraude.fr\/site\/wp-json\/wp\/v2\/types\/page"}],"author":[{"embeddable":true,"href":"http:\/\/la-maraude.fr\/site\/wp-json\/wp\/v2\/users\/1"}],"replies":[{"embeddable":true,"href":"http:\/\/la-maraude.fr\/site\/wp-json\/wp\/v2\/comments?post=53"}],"version-history":[{"count":5,"href":"http:\/\/la-maraude.fr\/site\/wp-json\/wp\/v2\/pages\/53\/revisions"}],"predecessor-version":[{"id":604,"href":"http:\/\/la-maraude.fr\/site\/wp-json\/wp\/v2\/pages\/53\/revisions\/604"}],"up":[{"embeddable":true,"href":"http:\/\/la-maraude.fr\/site\/wp-json\/wp\/v2\/pages\/47"}],"wp:attachment":[{"href":"http:\/\/la-maraude.fr\/site\/wp-json\/wp\/v2\/media?parent=53"}],"curies":[{"name":"wp","href":"https:\/\/api.w.org\/{rel}","templated":true}]}}