{"id":49,"date":"2013-10-31T13:20:00","date_gmt":"2013-10-31T12:20:00","guid":{"rendered":"http:\/\/la-maraude.fr\/site\/?page_id=49"},"modified":"2026-02-03T10:04:22","modified_gmt":"2026-02-03T09:04:22","slug":"en-pleine-nature","status":"publish","type":"page","link":"http:\/\/la-maraude.fr\/site\/les-activites\/en-pleine-nature\/","title":{"rendered":"En Pleine Nature"},"content":{"rendered":"<blockquote>\n<h6><a href=\"http:\/\/la-maraude.fr\/site\/wp-content\/uploads\/2014\/03\/peche-a-la-mare.jpg\"><img loading=\"lazy\" decoding=\"async\" class=\"alignleft size-medium wp-image-326\" src=\"http:\/\/la-maraude.fr\/site\/wp-content\/uploads\/2014\/03\/peche-a-la-mare-300x199.jpg\" alt=\"peche-a-la-mare\" width=\"300\" height=\"199\" srcset=\"http:\/\/la-maraude.fr\/site\/wp-content\/uploads\/2014\/03\/peche-a-la-mare-300x199.jpg 300w, http:\/\/la-maraude.fr\/site\/wp-content\/uploads\/2014\/03\/peche-a-la-mare.jpg 800w\" sizes=\"auto, (max-width: 300px) 100vw, 300px\" \/><\/a>Aujourd&rsquo;hui, en haut d&rsquo;un grand fr\u00eane, j&rsquo;ai vu un nid. Avec les jumelles on a pu voir un rapace, surement un milan, peut-\u00eatre une buse. J&rsquo;ai trouv\u00e9 une plume de geai, certains disent que c&rsquo;est un tr\u00e9sor de la nature.<\/h6>\n<p>&nbsp;<\/p>\n<h6>Demain, on met les bottes et on va observer les insectes de la mare.<\/h6>\n<p>&nbsp;<\/p>\n<h6>J&rsquo;aime bien, surtout je voudrais capturer une ranatre, j&rsquo;en ai jamais vu mais Jean-pierre a dit qu&rsquo;elle respire par les fesses et qu&rsquo;elle ressemble a un scorpion.<\/h6>\n<p>&nbsp;<\/p>\n<h6><a href=\"http:\/\/la-maraude.fr\/site\/wp-content\/uploads\/2014\/03\/cydonia-en-fleur-167.jpg\"><img loading=\"lazy\" decoding=\"async\" class=\"alignright size-medium wp-image-327\" src=\"http:\/\/la-maraude.fr\/site\/wp-content\/uploads\/2014\/03\/cydonia-en-fleur-167-300x225.jpg\" alt=\"cydonia-en-fleur-167\" width=\"300\" height=\"225\" srcset=\"http:\/\/la-maraude.fr\/site\/wp-content\/uploads\/2014\/03\/cydonia-en-fleur-167-300x225.jpg 300w, http:\/\/la-maraude.fr\/site\/wp-content\/uploads\/2014\/03\/cydonia-en-fleur-167.jpg 800w\" sizes=\"auto, (max-width: 300px) 100vw, 300px\" \/><\/a>J&rsquo;aime bien me promener dans la nature comme \u00e7a. On peut avoir des arcs et des fl\u00e8ches si on ne blesse personne, alors on peut jouer a \u00eatre des indiens. Il faut traverser le ruisseau sans tomber a l&rsquo;eau, et dans le pr\u00e9, il y avait des vaches. Y&rsquo;en a qu&rsquo;ont eu peur, mais moi, je porte pas du rouge.<\/h6>\n<p>&nbsp;<\/p>\n<h6>A la foret magique, les arbres sont d\u00e9guis\u00e9s avec du lichen, c&rsquo;est de la mousse qui pousse sans racines, c&rsquo;est juste beau.<\/h6>\n<\/blockquote>\n<div id='gallery-1' class='gallery galleryid-49 gallery-columns-4 gallery-size-thumbnail'><figure class='gallery-item'>\n\t\t\t<div class='gallery-icon landscape'>\n\t\t\t\t<a href='http:\/\/la-maraude.fr\/site\/wp-content\/uploads\/2014\/03\/peche-a-la-mare.jpg'><img loading=\"lazy\" decoding=\"async\" width=\"150\" height=\"150\" src=\"http:\/\/la-maraude.fr\/site\/wp-content\/uploads\/2014\/03\/peche-a-la-mare-150x150.jpg\" class=\"attachment-thumbnail size-thumbnail\" alt=\"\" \/><\/a>\n\t\t\t<\/div><\/figure><figure class='gallery-item'>\n\t\t\t<div class='gallery-icon landscape'>\n\t\t\t\t<a href='http:\/\/la-maraude.fr\/site\/wp-content\/uploads\/2014\/03\/enfants-a-bethmale.jpg'><img loading=\"lazy\" decoding=\"async\" width=\"150\" height=\"150\" src=\"http:\/\/la-maraude.fr\/site\/wp-content\/uploads\/2014\/03\/enfants-a-bethmale-150x150.jpg\" class=\"attachment-thumbnail size-thumbnail\" alt=\"\" \/><\/a>\n\t\t\t<\/div><\/figure><figure class='gallery-item'>\n\t\t\t<div class='gallery-icon landscape'>\n\t\t\t\t<a href='http:\/\/la-maraude.fr\/site\/wp-content\/uploads\/2014\/03\/cydonia-en-fleur-167.jpg'><img loading=\"lazy\" decoding=\"async\" width=\"150\" height=\"150\" src=\"http:\/\/la-maraude.fr\/site\/wp-content\/uploads\/2014\/03\/cydonia-en-fleur-167-150x150.jpg\" class=\"attachment-thumbnail size-thumbnail\" alt=\"\" \/><\/a>\n\t\t\t<\/div><\/figure><figure class='gallery-item'>\n\t\t\t<div class='gallery-icon landscape'>\n\t\t\t\t<a href='http:\/\/la-maraude.fr\/site\/wp-content\/uploads\/2014\/03\/en-balade-et-moutons.jpg'><img loading=\"lazy\" decoding=\"async\" width=\"150\" height=\"150\" src=\"http:\/\/la-maraude.fr\/site\/wp-content\/uploads\/2014\/03\/en-balade-et-moutons-150x150.jpg\" class=\"attachment-thumbnail size-thumbnail\" alt=\"\" \/><\/a>\n\t\t\t<\/div><\/figure>\n\t\t<\/div>\n\n","protected":false},"excerpt":{"rendered":"<p>Aujourd&rsquo;hui, en haut d&rsquo;un grand fr\u00eane, j&rsquo;ai vu un nid. Avec les jumelles on a pu voir un rapace, surement un milan, peut-\u00eatre une buse. J&rsquo;ai trouv\u00e9 une plume de geai, certains disent que c&rsquo;est un tr\u00e9sor de la nature. &nbsp; Demain, on met les bottes et on va observer les insectes de la mare. [&hellip;]<\/p>\n","protected":false},"author":1,"featured_media":0,"parent":47,"menu_order":1,"comment_status":"closed","ping_status":"closed","template":"","meta":{"footnotes":""},"class_list":["post-49","page","type-page","status-publish","hentry"],"_links":{"self":[{"href":"http:\/\/la-maraude.fr\/site\/wp-json\/wp\/v2\/pages\/49","targetHints":{"allow":["GET"]}}],"collection":[{"href":"http:\/\/la-maraude.fr\/site\/wp-json\/wp\/v2\/pages"}],"about":[{"href":"http:\/\/la-maraude.fr\/site\/wp-json\/wp\/v2\/types\/page"}],"author":[{"embeddable":true,"href":"http:\/\/la-maraude.fr\/site\/wp-json\/wp\/v2\/users\/1"}],"replies":[{"embeddable":true,"href":"http:\/\/la-maraude.fr\/site\/wp-json\/wp\/v2\/comments?post=49"}],"version-history":[{"count":13,"href":"http:\/\/la-maraude.fr\/site\/wp-json\/wp\/v2\/pages\/49\/revisions"}],"predecessor-version":[{"id":1872,"href":"http:\/\/la-maraude.fr\/site\/wp-json\/wp\/v2\/pages\/49\/revisions\/1872"}],"up":[{"embeddable":true,"href":"http:\/\/la-maraude.fr\/site\/wp-json\/wp\/v2\/pages\/47"}],"wp:attachment":[{"href":"http:\/\/la-maraude.fr\/site\/wp-json\/wp\/v2\/media?parent=49"}],"curies":[{"name":"wp","href":"https:\/\/api.w.org\/{rel}","templated":true}]}}