{"id":47,"date":"2013-10-31T13:19:22","date_gmt":"2013-10-31T12:19:22","guid":{"rendered":"http:\/\/la-maraude.fr\/site\/?page_id=47"},"modified":"2021-01-04T10:44:35","modified_gmt":"2021-01-04T09:44:35","slug":"les-activites","status":"publish","type":"page","link":"http:\/\/la-maraude.fr\/site\/les-activites\/","title":{"rendered":"Les Activit\u00e9s"},"content":{"rendered":"<h2 style=\"text-align: center;\">Nous proposons des activit\u00e9s pour apprendre,<\/h2>\n<h2 style=\"text-align: center;\">pour \u00eatre ensemble<\/h2>\n<h2 style=\"text-align: center;\">et pour s&rsquo;amuser.<\/h2>\n<p style=\"text-align: center;\">Parler d&rsquo;activit\u00e9 et d&rsquo;animation plut\u00f4t que d&rsquo;activisme et de performance<\/p>\n<p style=\"text-align: center;\">Avoir comme support l&rsquo;imagination pour r\u00e9apprendre \u00e0 se servir de trois bouts de ficelle<\/p>\n<p style=\"text-align: center;\">Savoir et apprendre qu&rsquo;il y a du minuscule et du gigantesque dans la nature<\/p>\n<p><strong>Nous donnons aux enfants le choix, chaque jour entre 3 activit\u00e9s le matin, et 3 pour l&rsquo;apr\u00e8s-midi.<\/strong><\/p>\n<p>Elles se d\u00e9roulent la plupart du temps en petits groupe pour interagir avec qualit\u00e9. Les animateurs sont conscients de leur r\u00f4le de m\u00e9diateur, de transmetteur d&rsquo;un savoir-faire, d&rsquo;une technique.<\/p>\n<p>Il y a des activit\u00e9s fixes et rep\u00e8res, li\u00e9es au fonctionnement de la maison au quotidien<br \/>\nIl y a des activit\u00e9s libres, qui nous apprennent \u00e0 choisir et \u00e0 d\u00e9cider ensemble<br \/>\nIl y a des activit\u00e9s petits plaisirs, comme quand on prend des craies pour aller faire une marelle sur la place du village, entre deux temps du quotidien.<\/p>\n<p>Nous accordons beaucoup d&rsquo;importance au choix de l&rsquo;enfant,<br \/>\npar le biais des activit\u00e9s que nous leur proposons,<br \/>\npar les temps de d\u00e9cisions que nous prenons ensemble,<br \/>\nnous voulons leur donner le go\u00fbt de la libert\u00e9 et de l&rsquo;engagement<\/p>\n<p>&nbsp;<\/p>\n<p>&nbsp;<\/p>\n<h3 style=\"text-align: center;\"><a href=\"http:\/\/la-maraude.fr\/site\/les-activites\/en-pleine-nature\/\">En pleine nature<\/a>,<\/h3>\n<h3 style=\"text-align: center;\"><a href=\"http:\/\/la-maraude.fr\/site\/les-activites\/le-poulailler\/\">au poulailler<\/a>,<\/h3>\n<h3 style=\"text-align: center;\"><a href=\"http:\/\/la-maraude.fr\/site\/les-activites\/au-jardin-potager\/\">au jardin potager,<\/a><\/h3>\n<h3 style=\"text-align: center;\"><a href=\"http:\/\/la-maraude.fr\/site\/les-activites\/la-cuisine-pedagogique\/\">dans la cuisine p\u00e9dagogique<\/a>,<\/h3>\n<h3 style=\"text-align: center;\"><a href=\"http:\/\/la-maraude.fr\/site\/les-activites\/espaces-de-creation\/\">dans l&rsquo;espace de cr\u00e9ation,<\/a><\/h3>\n<h3 style=\"text-align: center;\"><a href=\"http:\/\/la-maraude.fr\/site\/les-activites\/les-jeux-deau\/\">\u00e0 la piscine, <\/a><\/h3>\n<h3 style=\"text-align: center;\">ou \u00e0 travers <a href=\"http:\/\/la-maraude.fr\/site\/les-activites\/les-mysteres-imaginaires\/\">les myst\u00e8res imaginaires, <\/a><\/h3>\n<p>&nbsp;<\/p>\n<h3 style=\"text-align: center;\">il n&rsquo;y pas le temps de s&rsquo;ennuyer !<\/h3>\n<p>&nbsp;<\/p>\n<p>&nbsp;<\/p>\n<p><a href=\"http:\/\/la-maraude.fr\/site\/les-sejours-maraudeurs\/photos-et-aventures\/\"><img loading=\"lazy\" decoding=\"async\" class=\"wp-image-970 aligncenter\" src=\"http:\/\/la-maraude.fr\/site\/wp-content\/uploads\/2018\/01\/photos-semaine2-avril-2016-732x1024.jpg\" alt=\"photos semaine2 avril 2016\" width=\"312\" height=\"436\" srcset=\"http:\/\/la-maraude.fr\/site\/wp-content\/uploads\/2018\/01\/photos-semaine2-avril-2016-732x1024.jpg 732w, http:\/\/la-maraude.fr\/site\/wp-content\/uploads\/2018\/01\/photos-semaine2-avril-2016-215x300.jpg 215w, http:\/\/la-maraude.fr\/site\/wp-content\/uploads\/2018\/01\/photos-semaine2-avril-2016-600x839.jpg 600w\" sizes=\"auto, (max-width: 312px) 100vw, 312px\" \/><\/a><\/p>\n<p style=\"text-align: center;\"><a href=\"http:\/\/la-maraude.fr\/site\/les-sejours-maraudeurs\/photos-et-aventures\/\">Allez explorer notre galerie photos.<\/a><\/p>\n<blockquote><p>&nbsp;<\/p><\/blockquote>\n","protected":false},"excerpt":{"rendered":"<p>Nous proposons des activit\u00e9s pour apprendre, pour \u00eatre ensemble et pour s&rsquo;amuser. Parler d&rsquo;activit\u00e9 et d&rsquo;animation plut\u00f4t que d&rsquo;activisme et de performance Avoir comme support l&rsquo;imagination pour r\u00e9apprendre \u00e0 se servir de trois bouts de ficelle Savoir et apprendre qu&rsquo;il y a du minuscule et du gigantesque dans la nature Nous donnons aux enfants le [&hellip;]<\/p>\n","protected":false},"author":1,"featured_media":0,"parent":0,"menu_order":0,"comment_status":"closed","ping_status":"open","template":"","meta":{"footnotes":""},"class_list":["post-47","page","type-page","status-publish","hentry"],"_links":{"self":[{"href":"http:\/\/la-maraude.fr\/site\/wp-json\/wp\/v2\/pages\/47","targetHints":{"allow":["GET"]}}],"collection":[{"href":"http:\/\/la-maraude.fr\/site\/wp-json\/wp\/v2\/pages"}],"about":[{"href":"http:\/\/la-maraude.fr\/site\/wp-json\/wp\/v2\/types\/page"}],"author":[{"embeddable":true,"href":"http:\/\/la-maraude.fr\/site\/wp-json\/wp\/v2\/users\/1"}],"replies":[{"embeddable":true,"href":"http:\/\/la-maraude.fr\/site\/wp-json\/wp\/v2\/comments?post=47"}],"version-history":[{"count":15,"href":"http:\/\/la-maraude.fr\/site\/wp-json\/wp\/v2\/pages\/47\/revisions"}],"predecessor-version":[{"id":1877,"href":"http:\/\/la-maraude.fr\/site\/wp-json\/wp\/v2\/pages\/47\/revisions\/1877"}],"wp:attachment":[{"href":"http:\/\/la-maraude.fr\/site\/wp-json\/wp\/v2\/media?parent=47"}],"curies":[{"name":"wp","href":"https:\/\/api.w.org\/{rel}","templated":true}]}}