{"id":39,"date":"2013-10-31T13:16:25","date_gmt":"2013-10-31T12:16:25","guid":{"rendered":"http:\/\/la-maraude.fr\/site\/?page_id=39"},"modified":"2021-01-04T10:22:34","modified_gmt":"2021-01-04T09:22:34","slug":"la-maison-du-village","status":"publish","type":"page","link":"http:\/\/la-maraude.fr\/site\/les-lieux\/la-maison-du-village\/","title":{"rendered":"La Maison du Village"},"content":{"rendered":"<p>La maison de Barraou est un corps de ferme typiquement ari\u00e8geois et enti\u00e8rement architectur\u00e9 pour l&rsquo;accueil des enfants. La maison est historique , les aventures sont quotidiennes, et le jardin est tropical&#8230;<\/p>\n<p>La maison accueille les enfants dans des locaux agr\u00e9es jeunesse et sport et \u00e9ducation nationale toute l&rsquo;ann\u00e9e, en week-end et en vacances.<\/p>\n<div id='gallery-1' class='gallery galleryid-39 gallery-columns-4 gallery-size-thumbnail'><figure class='gallery-item'>\n\t\t\t<div class='gallery-icon landscape'>\n\t\t\t\t<a href='http:\/\/la-maraude.fr\/site\/wp-content\/uploads\/2014\/03\/escalier-historique-3.jpg'><img loading=\"lazy\" decoding=\"async\" width=\"150\" height=\"150\" src=\"http:\/\/la-maraude.fr\/site\/wp-content\/uploads\/2014\/03\/escalier-historique-3-150x150.jpg\" class=\"attachment-thumbnail size-thumbnail\" alt=\"\" \/><\/a>\n\t\t\t<\/div><\/figure><figure class='gallery-item'>\n\t\t\t<div class='gallery-icon landscape'>\n\t\t\t\t<a href='http:\/\/la-maraude.fr\/site\/wp-content\/uploads\/2014\/03\/escalier-du-jardin.jpg'><img loading=\"lazy\" decoding=\"async\" width=\"150\" height=\"150\" src=\"http:\/\/la-maraude.fr\/site\/wp-content\/uploads\/2014\/03\/escalier-du-jardin-150x150.jpg\" class=\"attachment-thumbnail size-thumbnail\" alt=\"\" \/><\/a>\n\t\t\t<\/div><\/figure><figure class='gallery-item'>\n\t\t\t<div class='gallery-icon landscape'>\n\t\t\t\t<a href='http:\/\/la-maraude.fr\/site\/wp-content\/uploads\/2014\/03\/chez-jeanpierre.jpg'><img loading=\"lazy\" decoding=\"async\" width=\"150\" height=\"150\" src=\"http:\/\/la-maraude.fr\/site\/wp-content\/uploads\/2014\/03\/chez-jeanpierre-150x150.jpg\" class=\"attachment-thumbnail size-thumbnail\" alt=\"\" \/><\/a>\n\t\t\t<\/div><\/figure><figure class='gallery-item'>\n\t\t\t<div class='gallery-icon landscape'>\n\t\t\t\t<a href='http:\/\/la-maraude.fr\/site\/wp-content\/uploads\/2014\/03\/chez-bergere.jpg'><img loading=\"lazy\" decoding=\"async\" width=\"150\" height=\"150\" src=\"http:\/\/la-maraude.fr\/site\/wp-content\/uploads\/2014\/03\/chez-bergere-150x150.jpg\" class=\"attachment-thumbnail size-thumbnail\" alt=\"\" \/><\/a>\n\t\t\t<\/div><\/figure><figure class='gallery-item'>\n\t\t\t<div class='gallery-icon landscape'>\n\t\t\t\t<a href='http:\/\/la-maraude.fr\/site\/wp-content\/uploads\/2014\/03\/gouter-et-magnolia-en-fleur.jpg'><img loading=\"lazy\" decoding=\"async\" width=\"150\" height=\"150\" src=\"http:\/\/la-maraude.fr\/site\/wp-content\/uploads\/2014\/03\/gouter-et-magnolia-en-fleur-150x150.jpg\" class=\"attachment-thumbnail size-thumbnail\" alt=\"\" \/><\/a>\n\t\t\t<\/div><\/figure><figure class='gallery-item'>\n\t\t\t<div class='gallery-icon landscape'>\n\t\t\t\t<a href='http:\/\/la-maraude.fr\/site\/wp-content\/uploads\/2014\/03\/La_Maraude_Baraou_21.jpg'><img loading=\"lazy\" decoding=\"async\" width=\"150\" height=\"150\" src=\"http:\/\/la-maraude.fr\/site\/wp-content\/uploads\/2014\/03\/La_Maraude_Baraou_21-150x150.jpg\" class=\"attachment-thumbnail size-thumbnail\" alt=\"\" \/><\/a>\n\t\t\t<\/div><\/figure><figure class='gallery-item'>\n\t\t\t<div class='gallery-icon landscape'>\n\t\t\t\t<a href='http:\/\/la-maraude.fr\/site\/wp-content\/uploads\/2014\/03\/chambre-bleue-a-6.jpg'><img loading=\"lazy\" decoding=\"async\" width=\"150\" height=\"150\" src=\"http:\/\/la-maraude.fr\/site\/wp-content\/uploads\/2014\/03\/chambre-bleue-a-6-150x150.jpg\" class=\"attachment-thumbnail size-thumbnail\" alt=\"\" \/><\/a>\n\t\t\t<\/div><\/figure><figure class='gallery-item'>\n\t\t\t<div class='gallery-icon landscape'>\n\t\t\t\t<a href='http:\/\/la-maraude.fr\/site\/wp-content\/uploads\/2014\/03\/chambre-bleue-a-3.jpg'><img loading=\"lazy\" decoding=\"async\" width=\"150\" height=\"150\" src=\"http:\/\/la-maraude.fr\/site\/wp-content\/uploads\/2014\/03\/chambre-bleue-a-3-150x150.jpg\" class=\"attachment-thumbnail size-thumbnail\" alt=\"\" \/><\/a>\n\t\t\t<\/div><\/figure><figure class='gallery-item'>\n\t\t\t<div class='gallery-icon landscape'>\n\t\t\t\t<a href='http:\/\/la-maraude.fr\/site\/wp-content\/uploads\/2014\/03\/vue-depuis-ma-chambre.jpg'><img loading=\"lazy\" decoding=\"async\" width=\"150\" height=\"150\" src=\"http:\/\/la-maraude.fr\/site\/wp-content\/uploads\/2014\/03\/vue-depuis-ma-chambre-150x150.jpg\" class=\"attachment-thumbnail size-thumbnail\" alt=\"\" \/><\/a>\n\t\t\t<\/div><\/figure><figure class='gallery-item'>\n\t\t\t<div class='gallery-icon landscape'>\n\t\t\t\t<a href='http:\/\/la-maraude.fr\/site\/wp-content\/uploads\/2014\/03\/une-vue-du-jardin.jpg'><img loading=\"lazy\" decoding=\"async\" width=\"150\" height=\"150\" src=\"http:\/\/la-maraude.fr\/site\/wp-content\/uploads\/2014\/03\/une-vue-du-jardin-150x150.jpg\" class=\"attachment-thumbnail size-thumbnail\" alt=\"\" \/><\/a>\n\t\t\t<\/div><\/figure><figure class='gallery-item'>\n\t\t\t<div class='gallery-icon landscape'>\n\t\t\t\t<a href='http:\/\/la-maraude.fr\/site\/wp-content\/uploads\/2014\/03\/porte-d-entree.jpg'><img loading=\"lazy\" decoding=\"async\" width=\"150\" height=\"150\" src=\"http:\/\/la-maraude.fr\/site\/wp-content\/uploads\/2014\/03\/porte-d-entree-150x150.jpg\" class=\"attachment-thumbnail size-thumbnail\" alt=\"\" \/><\/a>\n\t\t\t<\/div><\/figure><figure class='gallery-item'>\n\t\t\t<div class='gallery-icon landscape'>\n\t\t\t\t<a href='http:\/\/la-maraude.fr\/site\/wp-content\/uploads\/2014\/03\/les-salles-de-bain-bleues.jpg'><img loading=\"lazy\" decoding=\"async\" width=\"150\" height=\"150\" src=\"http:\/\/la-maraude.fr\/site\/wp-content\/uploads\/2014\/03\/les-salles-de-bain-bleues-150x150.jpg\" class=\"attachment-thumbnail size-thumbnail\" alt=\"\" \/><\/a>\n\t\t\t<\/div><\/figure><figure class='gallery-item'>\n\t\t\t<div class='gallery-icon portrait'>\n\t\t\t\t<a href='http:\/\/la-maraude.fr\/site\/wp-content\/uploads\/2014\/03\/l-escalier-historique.jpg'><img loading=\"lazy\" decoding=\"async\" width=\"150\" height=\"150\" src=\"http:\/\/la-maraude.fr\/site\/wp-content\/uploads\/2014\/03\/l-escalier-historique-150x150.jpg\" class=\"attachment-thumbnail size-thumbnail\" alt=\"\" \/><\/a>\n\t\t\t<\/div><\/figure><figure class='gallery-item'>\n\t\t\t<div class='gallery-icon landscape'>\n\t\t\t\t<a href='http:\/\/la-maraude.fr\/site\/wp-content\/uploads\/2014\/03\/le-salon-tele-bibliotheque.jpg'><img loading=\"lazy\" decoding=\"async\" width=\"150\" height=\"150\" src=\"http:\/\/la-maraude.fr\/site\/wp-content\/uploads\/2014\/03\/le-salon-tele-bibliotheque-150x150.jpg\" class=\"attachment-thumbnail size-thumbnail\" alt=\"\" \/><\/a>\n\t\t\t<\/div><\/figure><figure class='gallery-item'>\n\t\t\t<div class='gallery-icon landscape'>\n\t\t\t\t<a href='http:\/\/la-maraude.fr\/site\/wp-content\/uploads\/2014\/03\/le-petit-salon-bleu.jpg'><img loading=\"lazy\" decoding=\"async\" width=\"150\" height=\"150\" src=\"http:\/\/la-maraude.fr\/site\/wp-content\/uploads\/2014\/03\/le-petit-salon-bleu-150x150.jpg\" class=\"attachment-thumbnail size-thumbnail\" alt=\"\" \/><\/a>\n\t\t\t<\/div><\/figure><figure class='gallery-item'>\n\t\t\t<div class='gallery-icon landscape'>\n\t\t\t\t<a href='http:\/\/la-maraude.fr\/site\/wp-content\/uploads\/2014\/03\/l-entree.jpg'><img loading=\"lazy\" decoding=\"async\" width=\"150\" height=\"150\" src=\"http:\/\/la-maraude.fr\/site\/wp-content\/uploads\/2014\/03\/l-entree-150x150.jpg\" class=\"attachment-thumbnail size-thumbnail\" alt=\"\" \/><\/a>\n\t\t\t<\/div><\/figure><figure class='gallery-item'>\n\t\t\t<div class='gallery-icon landscape'>\n\t\t\t\t<a href='http:\/\/la-maraude.fr\/site\/wp-content\/uploads\/2014\/03\/le-bureau-nature.jpg'><img loading=\"lazy\" decoding=\"async\" width=\"150\" height=\"150\" src=\"http:\/\/la-maraude.fr\/site\/wp-content\/uploads\/2014\/03\/le-bureau-nature-150x150.jpg\" class=\"attachment-thumbnail size-thumbnail\" alt=\"\" \/><\/a>\n\t\t\t<\/div><\/figure><figure class='gallery-item'>\n\t\t\t<div class='gallery-icon landscape'>\n\t\t\t\t<a href='http:\/\/la-maraude.fr\/site\/wp-content\/uploads\/2014\/03\/la-terrasse-exterieur.jpg'><img loading=\"lazy\" decoding=\"async\" width=\"150\" height=\"150\" src=\"http:\/\/la-maraude.fr\/site\/wp-content\/uploads\/2014\/03\/la-terrasse-exterieur-150x150.jpg\" class=\"attachment-thumbnail size-thumbnail\" alt=\"\" \/><\/a>\n\t\t\t<\/div><\/figure><figure class='gallery-item'>\n\t\t\t<div class='gallery-icon landscape'>\n\t\t\t\t<a href='http:\/\/la-maraude.fr\/site\/wp-content\/uploads\/2014\/03\/l-atelier-des-cent-papiers.jpg'><img loading=\"lazy\" decoding=\"async\" width=\"150\" height=\"150\" src=\"http:\/\/la-maraude.fr\/site\/wp-content\/uploads\/2014\/03\/l-atelier-des-cent-papiers-150x150.jpg\" class=\"attachment-thumbnail size-thumbnail\" alt=\"\" \/><\/a>\n\t\t\t<\/div><\/figure><figure class='gallery-item'>\n\t\t\t<div class='gallery-icon landscape'>\n\t\t\t\t<a href='http:\/\/la-maraude.fr\/site\/wp-content\/uploads\/2014\/03\/la-salle-de-jeux-2.jpg'><img loading=\"lazy\" decoding=\"async\" width=\"150\" height=\"150\" src=\"http:\/\/la-maraude.fr\/site\/wp-content\/uploads\/2014\/03\/la-salle-de-jeux-2-150x150.jpg\" class=\"attachment-thumbnail size-thumbnail\" alt=\"\" \/><\/a>\n\t\t\t<\/div><\/figure><figure class='gallery-item'>\n\t\t\t<div class='gallery-icon landscape'>\n\t\t\t\t<a href='http:\/\/la-maraude.fr\/site\/wp-content\/uploads\/2014\/03\/la-petite-cuisine.jpg'><img loading=\"lazy\" decoding=\"async\" width=\"150\" height=\"150\" src=\"http:\/\/la-maraude.fr\/site\/wp-content\/uploads\/2014\/03\/la-petite-cuisine-150x150.jpg\" class=\"attachment-thumbnail size-thumbnail\" alt=\"la petite cuisine\" \/><\/a>\n\t\t\t<\/div><\/figure><figure class='gallery-item'>\n\t\t\t<div class='gallery-icon landscape'>\n\t\t\t\t<a href='http:\/\/la-maraude.fr\/site\/wp-content\/uploads\/2014\/03\/la-maison-vide-dehors.jpg'><img loading=\"lazy\" decoding=\"async\" width=\"150\" height=\"150\" src=\"http:\/\/la-maraude.fr\/site\/wp-content\/uploads\/2014\/03\/la-maison-vide-dehors-150x150.jpg\" class=\"attachment-thumbnail size-thumbnail\" alt=\"\" \/><\/a>\n\t\t\t<\/div><\/figure><figure class='gallery-item'>\n\t\t\t<div class='gallery-icon landscape'>\n\t\t\t\t<a href='http:\/\/la-maraude.fr\/site\/wp-content\/uploads\/2014\/03\/la-cuisine-de-la-maison.jpg'><img loading=\"lazy\" decoding=\"async\" width=\"150\" height=\"150\" src=\"http:\/\/la-maraude.fr\/site\/wp-content\/uploads\/2014\/03\/la-cuisine-de-la-maison-150x150.jpg\" class=\"attachment-thumbnail size-thumbnail\" alt=\"\" \/><\/a>\n\t\t\t<\/div><\/figure>\n\t\t<\/div>\n\n","protected":false},"excerpt":{"rendered":"<p>La maison de Barraou est un corps de ferme typiquement ari\u00e8geois et enti\u00e8rement architectur\u00e9 pour l&rsquo;accueil des enfants. La maison est historique , les aventures sont quotidiennes, et le jardin est tropical&#8230; La maison accueille les enfants dans des locaux agr\u00e9es jeunesse et sport et \u00e9ducation nationale toute l&rsquo;ann\u00e9e, en week-end et en vacances.<\/p>\n","protected":false},"author":1,"featured_media":0,"parent":37,"menu_order":1,"comment_status":"closed","ping_status":"open","template":"","meta":{"footnotes":""},"class_list":["post-39","page","type-page","status-publish","hentry"],"_links":{"self":[{"href":"http:\/\/la-maraude.fr\/site\/wp-json\/wp\/v2\/pages\/39","targetHints":{"allow":["GET"]}}],"collection":[{"href":"http:\/\/la-maraude.fr\/site\/wp-json\/wp\/v2\/pages"}],"about":[{"href":"http:\/\/la-maraude.fr\/site\/wp-json\/wp\/v2\/types\/page"}],"author":[{"embeddable":true,"href":"http:\/\/la-maraude.fr\/site\/wp-json\/wp\/v2\/users\/1"}],"replies":[{"embeddable":true,"href":"http:\/\/la-maraude.fr\/site\/wp-json\/wp\/v2\/comments?post=39"}],"version-history":[{"count":11,"href":"http:\/\/la-maraude.fr\/site\/wp-json\/wp\/v2\/pages\/39\/revisions"}],"predecessor-version":[{"id":1870,"href":"http:\/\/la-maraude.fr\/site\/wp-json\/wp\/v2\/pages\/39\/revisions\/1870"}],"up":[{"embeddable":true,"href":"http:\/\/la-maraude.fr\/site\/wp-json\/wp\/v2\/pages\/37"}],"wp:attachment":[{"href":"http:\/\/la-maraude.fr\/site\/wp-json\/wp\/v2\/media?parent=39"}],"curies":[{"name":"wp","href":"https:\/\/api.w.org\/{rel}","templated":true}]}}