{"id":29,"date":"2013-10-31T13:14:08","date_gmt":"2013-10-31T12:14:08","guid":{"rendered":"http:\/\/la-maraude.fr\/site\/?page_id=29"},"modified":"2026-02-03T21:57:22","modified_gmt":"2026-02-03T20:57:22","slug":"les-dossiers-dinscription","status":"publish","type":"page","link":"http:\/\/la-maraude.fr\/site\/les-dossiers-dinscription\/","title":{"rendered":"Les Dossiers d&rsquo;Inscription"},"content":{"rendered":"\n<h2 class=\"wp-block-heading has-text-align-center\">S&rsquo;inscrire en vacances (ou en week-end) \u00e0 la Maraude !<\/h2>\n\n\n\n<p>\u00a0<\/p>\n\n\n\n<p class=\"has-text-align-center\"><img loading=\"lazy\" decoding=\"async\" width=\"350\" height=\"263\" class=\"wp-image-1593\" style=\"width: 350px;\" src=\"https:\/\/la-maraude.fr\/site\/wp-content\/uploads\/2020\/12\/P8262732.jpg\" alt=\"\" srcset=\"http:\/\/la-maraude.fr\/site\/wp-content\/uploads\/2020\/12\/P8262732.jpg 3968w, http:\/\/la-maraude.fr\/site\/wp-content\/uploads\/2020\/12\/P8262732-300x225.jpg 300w, http:\/\/la-maraude.fr\/site\/wp-content\/uploads\/2020\/12\/P8262732-1024x768.jpg 1024w\" sizes=\"auto, (max-width: 350px) 100vw, 350px\" \/><\/p>\n\n\n\n<h4 class=\"wp-block-heading has-text-align-center\"><span style=\"color: #339966;\">Avant de t\u00e9l\u00e9charger les documents, contactez-nous afin de v\u00e9rifier nos disponibilit\u00e9s : au 0561968208 ou \u00e0 contact@la-maraude.fr.<\/span><\/h4>\n\n\n\n<h4 class=\"wp-block-heading\">&nbsp;<\/h4>\n\n\n\n<h3 class=\"wp-block-heading\"><strong>Prix de journ\u00e9e des s\u00e9jours de vacances 2025\/26 : 84 euros.<\/strong><\/h3>\n\n\n\n<h4 class=\"wp-block-heading\"><strong>Forfait Week-end 2025\/26 : 250 euros.<\/strong><\/h4>\n\n\n\n<p class=\"has-text-align-center\"><strong>Pour tous nos s\u00e9jours de vacances<\/strong>, nous acceptons les ch\u00e8ques-vacances ANCV et nous sommes conventionn\u00e9s avec la CAF31 et la CAF09.<\/p>\n\n\n\n<p class=\"has-text-align-center\">Nous vous demandons d&rsquo;apporter une attention particuli\u00e8re \u00e0 la constitution du dossier et de nous le retourner par courrier ou par mail accompagn\u00e9 de 100 \u20ac d&rsquo;arrhes (attention : tout s\u00e9jour r\u00e9serv\u00e9 est d\u00fb).<\/p>\n\n\n\n<p class=\"has-text-align-center\">En cas d&rsquo;annulation dans les 15 jours pr\u00e9c\u00e9dant le d\u00e9but du s\u00e9jour, nous serons dans l\u2019obligation de facturer 50% du prix total. Et la totalit\u00e9, 10 jours avant.<\/p>\n\n\n\n<h4 class=\"wp-block-heading\">Nous sommes \u00e0 votre disposition pour vous accompagner dans la constitution du dossier. Nous avons parfois acc\u00e8s \u00e0 des aides financi\u00e8res occasionnelles, n&rsquo;h\u00e9sitez pas \u00e0 nous solliciter.<\/h4>\n\n\n\n<h3 class=\"wp-block-heading\"><strong><span style=\"color: #339966;\">Pour un dossier complet, il faut :<\/span><\/strong><\/h3>\n\n\n\n<h4 class=\"wp-block-heading\"><strong><span style=\"color: #000000;\">1- la feuille d&rsquo;inscription<\/span><\/strong><\/h4>\n\n\n\n<h5 class=\"wp-block-heading\"><a href=\"http:\/\/la-maraude.fr\/site\/wp-content\/uploads\/2022\/08\/feuille-inscription-Les-Maraudeurs.pdf\">feuille inscription &#8211; Les -Maraudeurs<\/a><\/h5>\n\n\n\n<h5 class=\"wp-block-heading\"><a href=\"http:\/\/la-maraude.fr\/site\/wp-content\/uploads\/2022\/08\/feuille-inscription-Les-ados-sur-la-colline.pdf\">feuille inscription- Les explorateurs sur la colline<\/a><\/h5>\n\n\n\n<h5 class=\"wp-block-heading\"><a href=\"http:\/\/la-maraude.fr\/site\/wp-content\/uploads\/2022\/08\/feuille-inscription-Week-ends.pdf\">feuille inscription &#8211; Week-ends<\/a><\/h5>\n\n\n\n<h4 class=\"wp-block-heading\">&nbsp;<\/h4>\n\n\n\n<h4 class=\"wp-block-heading\"><strong>2- la fiche sanitaire<\/strong><\/h4>\n\n\n\n<h5 class=\"wp-block-heading\"><a href=\"http:\/\/la-maraude.fr\/site\/wp-content\/uploads\/2022\/08\/fiche_sanitaire.pdf\">fiche_sanitaire<\/a><\/h5>\n\n\n\n<h4 class=\"wp-block-heading\">&nbsp;<\/h4>\n\n\n\n<h5 class=\"wp-block-heading\">&nbsp;<\/h5>\n\n\n\n<h4 class=\"wp-block-heading\"><strong>3- vos justificatifs de couverture sociale, et CAF \u00e9ventuellement.<\/strong><\/h4>\n\n\n\n<p>Tous ces documents sont \u00e0 remplir avec soin et nous retourner par mail &#8211; contact@la-maraude.fr &#8211; ou par courrier &#8211; Association la Maraude, 1, rue des Templiers &#8211; 09800 Arrout -. Merci !<\/p>\n\n\n\n<h3 class=\"wp-block-heading\"><strong><span style=\"color: #339966;\">Pour remplir la valise, voici les diff\u00e9rents trousseaux en fonction des saisons et du lieu :<\/span><\/strong><\/h3>\n\n\n\n<h5 class=\"wp-block-heading\"><a href=\"http:\/\/la-maraude.fr\/site\/wp-content\/uploads\/2022\/08\/trousseau-la-toussaint.pdf\">trousseau la toussaint- maraudeurs<\/a><\/h5>\n\n\n\n<h5 class=\"wp-block-heading\"><a href=\"http:\/\/la-maraude.fr\/site\/wp-content\/uploads\/2022\/08\/trousseau-la-toussaint-girech.pdf\">trousseau la toussaint &#8211; explorateurs<\/a><\/h5>\n\n\n\n<h5 class=\"wp-block-heading\"><a href=\"http:\/\/la-maraude.fr\/site\/wp-content\/uploads\/2022\/08\/trousseau-hiver.pdf\">trousseau hiver<\/a><\/h5>\n\n\n\n<h5 class=\"wp-block-heading\"><a href=\"http:\/\/la-maraude.fr\/site\/wp-content\/uploads\/2022\/08\/trousseau-printemps-maison.pdf\">trousseau printemps &#8211; maraudeurs<\/a><\/h5>\n\n\n\n<h5 class=\"wp-block-heading\"><a href=\"http:\/\/la-maraude.fr\/site\/wp-content\/uploads\/2022\/08\/trousseau-printemps-girech.pdf\">trousseau printemps &#8211; explorateurs<\/a><\/h5>\n\n\n\n<h5 class=\"wp-block-heading\"><a href=\"http:\/\/la-maraude.fr\/site\/wp-content\/uploads\/2022\/08\/trousseau-e\u0301te\u0301.pdf\">trousseau e\u0301te\u0301<\/a><\/h5>\n\n\n\n<h3 class=\"wp-block-heading\"><strong><span style=\"color: #339966;\">Et pour que tout le monde soit pr\u00eat au d\u00e9part, nous vous invitons \u00e0 lire ensemble :<\/span><\/strong><\/h3>\n\n\n\n<h4 class=\"wp-block-heading\"><a href=\"http:\/\/la-maraude.fr\/site\/wp-content\/uploads\/2022\/06\/bienvenue-\u00e0-la-Maraude-.pdf\">bienvenue \u00e0 la Maraude !<\/a><\/h4>\n\n\n\n<p class=\"has-text-align-center\">Pensez \u00e0 nous suivre<\/p>\n\n\n\n<figure class=\"wp-block-image aligncenter\"><a href=\"https:\/\/www.facebook.com\/pages\/Association-la-maraude\/439570872876943\"><img loading=\"lazy\" decoding=\"async\" width=\"256\" height=\"256\" src=\"http:\/\/la-maraude.fr\/site\/wp-content\/uploads\/2015\/09\/Facebook-icon.png\" alt=\"Facebook-icon\" class=\"wp-image-707\" srcset=\"http:\/\/la-maraude.fr\/site\/wp-content\/uploads\/2015\/09\/Facebook-icon.png 256w, http:\/\/la-maraude.fr\/site\/wp-content\/uploads\/2015\/09\/Facebook-icon-150x150.png 150w\" sizes=\"auto, (max-width: 256px) 100vw, 256px\" \/><\/a><\/figure>\n\n\n\n<p class=\"has-text-align-center\"><\/p>\n","protected":false},"excerpt":{"rendered":"<p>S&rsquo;inscrire en vacances (ou en week-end) \u00e0 la Maraude ! \u00a0 Avant de t\u00e9l\u00e9charger les documents, contactez-nous afin de v\u00e9rifier nos disponibilit\u00e9s : au 0561968208 ou \u00e0 contact@la-maraude.fr. &nbsp; Prix de journ\u00e9e des s\u00e9jours de vacances 2025\/26 : 84 euros. Forfait Week-end 2025\/26 : 250 euros. Pour tous nos s\u00e9jours de vacances, nous acceptons les [&hellip;]<\/p>\n","protected":false},"author":1,"featured_media":0,"parent":0,"menu_order":0,"comment_status":"closed","ping_status":"closed","template":"","meta":{"footnotes":""},"class_list":["post-29","page","type-page","status-publish","hentry"],"_links":{"self":[{"href":"http:\/\/la-maraude.fr\/site\/wp-json\/wp\/v2\/pages\/29","targetHints":{"allow":["GET"]}}],"collection":[{"href":"http:\/\/la-maraude.fr\/site\/wp-json\/wp\/v2\/pages"}],"about":[{"href":"http:\/\/la-maraude.fr\/site\/wp-json\/wp\/v2\/types\/page"}],"author":[{"embeddable":true,"href":"http:\/\/la-maraude.fr\/site\/wp-json\/wp\/v2\/users\/1"}],"replies":[{"embeddable":true,"href":"http:\/\/la-maraude.fr\/site\/wp-json\/wp\/v2\/comments?post=29"}],"version-history":[{"count":43,"href":"http:\/\/la-maraude.fr\/site\/wp-json\/wp\/v2\/pages\/29\/revisions"}],"predecessor-version":[{"id":2695,"href":"http:\/\/la-maraude.fr\/site\/wp-json\/wp\/v2\/pages\/29\/revisions\/2695"}],"wp:attachment":[{"href":"http:\/\/la-maraude.fr\/site\/wp-json\/wp\/v2\/media?parent=29"}],"curies":[{"name":"wp","href":"https:\/\/api.w.org\/{rel}","templated":true}]}}