{"id":25,"date":"2013-10-31T13:13:10","date_gmt":"2013-10-31T12:13:10","guid":{"rendered":"http:\/\/la-maraude.fr\/site\/?page_id=25"},"modified":"2026-02-03T09:49:57","modified_gmt":"2026-02-03T08:49:57","slug":"les-week-ends","status":"publish","type":"page","link":"http:\/\/la-maraude.fr\/site\/les-sejours\/les-week-ends\/","title":{"rendered":"Les Week-ends"},"content":{"rendered":"\n<h4 class=\"wp-block-heading\">Des week-ends pour se reposer<\/h4>\n\n\n\n<h4 class=\"wp-block-heading\">au fil des saisons<\/h4>\n\n\n\n<h4 class=\"wp-block-heading has-text-align-center\"><img loading=\"lazy\" decoding=\"async\" width=\"300\" height=\"225\" class=\"wp-image-764\" style=\"width: 300px;\" src=\"https:\/\/la-maraude.fr\/site\/wp-content\/uploads\/2016\/01\/P1080345-e1607984497354.jpg\" alt=\"\"><\/h4>\n\n\n\n<h4 class=\"wp-block-heading\">&nbsp;<\/h4>\n\n\n\n<h4 data-wp-context---core-fit-text=\"core\/fit-text::{&quot;fontSize&quot;:&quot;&quot;}\" data-wp-init---core-fit-text=\"core\/fit-text::callbacks.init\" data-wp-interactive data-wp-style--font-size=\"core\/fit-text::context.fontSize\" class=\"wp-block-heading has-fit-text\">Les week-ends sont l&rsquo;occasion d&rsquo;un accueil r\u00e9gulier ou ponctuel.<\/h4>\n\n\n\n<p>Pour profiter de la maison en petit groupe, et appr\u00e9hender le rythme des saisons \u00e0 la campagne.<\/p>\n\n\n\n<p>Nous accueillons 10 enfants, pour 2 animateurs, le vendredi soir \u00e0 partir de 18h00 jusqu&rsquo;au dimanche, d\u00e9part entre 16h et 17h.<\/p>\n\n\n\n<p>Un animateur r\u00e9f\u00e9rent est l\u00e0, tout au long de l&rsquo;ann\u00e9e pour travailler sur un projet de fond.<\/p>\n\n\n\n<p>Nous sommes \u00e0 votre disposition pour \u00e9tablir un calendrier r\u00e9gulier, \u00e0 l&rsquo;ann\u00e9e ou bien \u00e0 plus court terme: en week-end pour se pr\u00e9parer \u00e0 de plus longues vacances.<\/p>\n\n\n\n<p>Nous vous demandons d&rsquo;apporter une attention particuli\u00e8re \u00e0 la constitution du dossier et de nous le retourner par courrier.<\/p>\n\n\n\n<h4 class=\"wp-block-heading\">&nbsp;<\/h4>\n\n\n\n<p>En vous promenant <a href=\"http:\/\/la-maraude.fr\/site\/les-dossiers-dinscription\/\">par l\u00e0<\/a>, vous trouverez les dossiers d&rsquo;inscription&#8230;<\/p>\n\n\n\n<p><a href=\"http:\/\/la-maraude.fr\/site\/contacts\/\">Contactez-nous<\/a> pour toutes vos demandes et questions<\/p>\n\n\n\n<h4 class=\"wp-block-heading\">&nbsp;<\/h4>\n\n\n\n<h4 class=\"wp-block-heading has-text-align-center\"><img loading=\"lazy\" decoding=\"async\" width=\"250\" height=\"208\" class=\"wp-image-703\" style=\"width: 250px;\" src=\"https:\/\/la-maraude.fr\/site\/wp-content\/uploads\/2015\/08\/happy-petit.jpg\" alt=\"\" srcset=\"http:\/\/la-maraude.fr\/site\/wp-content\/uploads\/2015\/08\/happy-petit.jpg 600w, http:\/\/la-maraude.fr\/site\/wp-content\/uploads\/2015\/08\/happy-petit-300x249.jpg 300w\" sizes=\"auto, (max-width: 250px) 100vw, 250px\" \/><\/h4>\n","protected":false},"excerpt":{"rendered":"<p>Des week-ends pour se reposer au fil des saisons &nbsp; Les week-ends sont l&rsquo;occasion d&rsquo;un accueil r\u00e9gulier ou ponctuel. Pour profiter de la maison en petit groupe, et appr\u00e9hender le rythme des saisons \u00e0 la campagne. Nous accueillons 10 enfants, pour 2 animateurs, le vendredi soir \u00e0 partir de 18h00 jusqu&rsquo;au dimanche, d\u00e9part entre 16h [&hellip;]<\/p>\n","protected":false},"author":1,"featured_media":0,"parent":126,"menu_order":0,"comment_status":"closed","ping_status":"closed","template":"","meta":{"footnotes":""},"class_list":["post-25","page","type-page","status-publish","hentry"],"_links":{"self":[{"href":"http:\/\/la-maraude.fr\/site\/wp-json\/wp\/v2\/pages\/25","targetHints":{"allow":["GET"]}}],"collection":[{"href":"http:\/\/la-maraude.fr\/site\/wp-json\/wp\/v2\/pages"}],"about":[{"href":"http:\/\/la-maraude.fr\/site\/wp-json\/wp\/v2\/types\/page"}],"author":[{"embeddable":true,"href":"http:\/\/la-maraude.fr\/site\/wp-json\/wp\/v2\/users\/1"}],"replies":[{"embeddable":true,"href":"http:\/\/la-maraude.fr\/site\/wp-json\/wp\/v2\/comments?post=25"}],"version-history":[{"count":15,"href":"http:\/\/la-maraude.fr\/site\/wp-json\/wp\/v2\/pages\/25\/revisions"}],"predecessor-version":[{"id":2711,"href":"http:\/\/la-maraude.fr\/site\/wp-json\/wp\/v2\/pages\/25\/revisions\/2711"}],"up":[{"embeddable":true,"href":"http:\/\/la-maraude.fr\/site\/wp-json\/wp\/v2\/pages\/126"}],"wp:attachment":[{"href":"http:\/\/la-maraude.fr\/site\/wp-json\/wp\/v2\/media?parent=25"}],"curies":[{"name":"wp","href":"https:\/\/api.w.org\/{rel}","templated":true}]}}