{"id":2,"date":"2013-10-31T11:38:44","date_gmt":"2013-10-31T10:38:44","guid":{"rendered":"http:\/\/la-maraude.fr\/site\/?page_id=2"},"modified":"2026-03-26T09:27:32","modified_gmt":"2026-03-26T08:27:32","slug":"page-d-exemple","status":"publish","type":"page","link":"http:\/\/la-maraude.fr\/site\/","title":{"rendered":"Accueil"},"content":{"rendered":"\n<div class=\"wp-block-cover alignfull is-light\" style=\"min-height:272px;aspect-ratio:unset;\"><img loading=\"lazy\" decoding=\"async\" width=\"3936\" height=\"2624\" class=\"wp-block-cover__image-background wp-image-1567\" alt=\"\" src=\"http:\/\/la-maraude.fr\/site\/wp-content\/uploads\/2020\/12\/P8140557-Copie-3.jpg\" data-object-fit=\"cover\" srcset=\"http:\/\/la-maraude.fr\/site\/wp-content\/uploads\/2020\/12\/P8140557-Copie-3.jpg 3936w, http:\/\/la-maraude.fr\/site\/wp-content\/uploads\/2020\/12\/P8140557-Copie-3-300x200.jpg 300w, http:\/\/la-maraude.fr\/site\/wp-content\/uploads\/2020\/12\/P8140557-Copie-3-1024x683.jpg 1024w\" sizes=\"auto, (max-width: 3936px) 100vw, 3936px\" \/><span aria-hidden=\"true\" class=\"wp-block-cover__background has-background-dim\"><\/span><div class=\"wp-block-cover__inner-container is-layout-flow wp-block-cover-is-layout-flow\">\n<p class=\"has-text-align-center has-background-color has-text-color has-large-font-size\"><strong>de grandes aventures pour tous les enfants <\/strong><\/p>\n<\/div><\/div>\n\n\n\n<h4 class=\"wp-block-heading has-text-align-center\">les colos de printemps vous attendent !<\/h4>\n\n\n\n<figure class=\"wp-block-image size-large\"><img loading=\"lazy\" decoding=\"async\" width=\"1024\" height=\"768\" src=\"https:\/\/la-maraude.fr\/site\/wp-content\/uploads\/2016\/01\/P1080345-1024x768.jpg\" alt=\"\" class=\"wp-image-764\"\/><\/figure>\n\n\n\n<p class=\"has-text-align-center\">pique-niquer dans les pr\u00e8s, grimper aux sommets, cuisiner pour les gourmets, chanter autour du feu, faire des grands et petits jeux, <\/p>\n\n\n\n<p data-wp-context---core-fit-text=\"core\/fit-text::{&quot;fontSize&quot;:&quot;&quot;}\" data-wp-init---core-fit-text=\"core\/fit-text::callbacks.init\" data-wp-interactive data-wp-style--font-size=\"core\/fit-text::context.fontSize\" class=\"has-text-align-center has-fit-text\">pour des colonies de printemps au milieu des fleurs :\u00a0<\/p>\n\n\n\n<h4 class=\"wp-block-heading has-text-align-center\"><a href=\"http:\/\/la-maraude.fr\/site\/les-sejours-maraudeurs\/\">Les S\u00e9jours Maraudeurs<\/a><\/h4>\n\n\n\n<p class=\"has-text-align-center\">du <strong>dimanche 19 avril au samedi 25 avril 2026<\/strong><\/p>\n\n\n\n<p class=\"has-text-align-center\">pour tous les enfants entre <strong>6 et 11 ans<\/strong><\/p>\n\n\n\n<h4 class=\"wp-block-heading has-text-align-center\"><a href=\"http:\/\/la-maraude.fr\/site\/les-sejours\/les-ados-sur-la-colline-2\/\">Les explorateurs sur la colline<\/a><\/h4>\n\n\n\n<p class=\"has-text-align-center\">du <strong>dimanche 26 avril au dimanche 03 mai 2026<\/strong><\/p>\n\n\n\n<p class=\"has-text-align-center\">pour tous les jeunes entre <strong>11 et 14 ans<\/strong><\/p>\n\n\n\n<p class=\"has-text-align-center\">Pour toutes vos questions <a href=\"http:\/\/la-maraude.fr\/site\/contacts\/\" data-type=\"page\" data-id=\"73\">contactez nous<\/a> !<\/p>\n\n\n\n<p class=\"has-text-align-center\"><em>(pass colo, CAF, ANCV, &#8230;)<\/em><\/p>\n\n\n\n<p class=\"has-text-align-center\">Vous pouvez consulter directement les <a href=\"https:\/\/la-maraude.fr\/site\/les-dossiers-dinscription\/\">dossiers d&rsquo;inscription<\/a>. <\/p>\n\n\n\n<h3 class=\"wp-block-heading has-text-align-center\">Le calendrier des s\u00e9jours d&rsquo;\u00e9t\u00e9 est pr\u00eat !<\/h3>\n\n\n\n<p>Allez explorer les pages de chaque s\u00e9jour, pour des aventures collectives faites de chemins de traverse, de saveurs aux mille couleurs, o\u00f9 la rencontre avec ce qui nous entoure et les autres est possible, et c\u00e9l\u00e9br\u00e9e &#8230; <\/p>\n\n\n\n<h5 class=\"wp-block-heading has-text-align-center\">Du 13 juillet 2026 au 29 ao\u00fbt 2026 pour tous les enfants entre 6 et 14 ans !<\/h5>\n\n\n\n<div class=\"wp-block-columns is-layout-flex wp-container-core-columns-is-layout-28f84493 wp-block-columns-is-layout-flex\">\n<div class=\"wp-block-column is-layout-flow wp-block-column-is-layout-flow\" style=\"flex-basis:100%\">\n<div class=\"wp-block-group is-layout-flow wp-block-group-is-layout-flow\">\n<div class=\"wp-block-group is-layout-flow wp-block-group-is-layout-flow\">\n<div class=\"wp-block-group is-layout-flow wp-block-group-is-layout-flow\"><\/div>\n<\/div>\n<\/div>\n<\/div>\n<\/div>\n\n\n\n<figure class=\"wp-block-image size-large\"><img loading=\"lazy\" decoding=\"async\" width=\"1024\" height=\"771\" src=\"http:\/\/la-maraude.fr\/site\/wp-content\/uploads\/2023\/05\/IMG20230503114032-1024x771.jpg\" alt=\"\" class=\"wp-image-2378\"\/><\/figure>\n\n\n\n<div class=\"wp-block-columns is-layout-flex wp-container-core-columns-is-layout-28f84493 wp-block-columns-is-layout-flex\">\n<div class=\"wp-block-column is-layout-flow wp-block-column-is-layout-flow\" style=\"flex-basis:100%\">\n<div class=\"wp-block-group is-layout-flow wp-block-group-is-layout-flow\">\n<p><\/p>\n\n\n\n<p class=\"has-text-align-center\"><strong>Nous sommes <a href=\"http:\/\/la-maraude.fr\/site\/contacts\/\">disponibles<\/a> pour construire avec vous les vacances de votre enfant, ou votre projet de classe de d\u00e9couvertes, appelez -nous au 05.61.96.82.08 ou par mail <a rel=\"noopener\" href=\"mailto:contact@la-maraude.fr\" target=\"_blank\">contact@la-maraude.<\/a><\/strong><a rel=\"noopener\" href=\"mailto:contact@la-maraude.fr\" target=\"_blank\">fr<\/a><\/p>\n\n\n\n<h4 class=\"wp-block-heading has-text-align-center has-medium-font-size\" style=\"font-style:normal;font-weight:400\">&nbsp;Sans oublier : <a href=\"http:\/\/la-maraude.fr\/site\/les-week-ends\/\">Les week-ends tout au long de l&rsquo;ann\u00e9e !<\/a><\/h4>\n\n\n\n<p><\/p>\n\n\n\n<h2 class=\"wp-block-heading has-text-align-center has-medium-font-size\">Et tous vos projets de <a href=\"http:\/\/la-maraude.fr\/site\/les-classes-de-decouvertes\/\">Classes de d\u00e9couvertes !<\/a> <\/h2>\n\n\n\n<p class=\"has-text-align-center\">pour une journ\u00e9e, et des s\u00e9jours d&rsquo;une nuit\u00e9e \u00e0 plus, pour \u00eatre et faire dehors, pour construire le groupe classe ou le c\u00e9l\u00e9brer !<\/p>\n<\/div>\n<\/div>\n<\/div>\n\n\n\n<h2 class=\"wp-block-heading has-text-align-center\">&nbsp;&nbsp;<img loading=\"lazy\" decoding=\"async\" width=\"400\" height=\"300\" class=\"wp-image-2142\" style=\"width: 400px;\" src=\"http:\/\/la-maraude.fr\/site\/wp-content\/uploads\/2021\/09\/IMG_20210717_200700-e1632741644713.jpg\" alt=\"\"><\/h2>\n\n\n\n<p class=\"has-text-align-center has-medium-font-size\">A la Maraude, nous avons toujours souhait\u00e9 prendre les vacances des enfants au s\u00e9rieux, et la question est aujourd&rsquo;hui plus qu&rsquo;hier fort pertinente.<\/p>\n\n\n\n<h4 class=\"wp-block-heading has-text-align-center\"><a href=\"https:\/\/youtu.be\/j0izlzKO1XU\"><img loading=\"lazy\" decoding=\"async\" class=\"n3VNCb aligncenter\" src=\"https:\/\/colos-apprenantes.jcloud-ver-jpe.ik-server.com\/vacances-apprenantes-logo.png\" alt=\"Les colos apprenantes | Minist\u00e8re de l'Education Nationale de la Jeunesse et des Sports\" data-noaft=\"1\" width=\"125\" height=\"125\"><\/a><\/h4>\n\n\n\n<p class=\"has-text-align-center\"><a href=\"https:\/\/youtu.be\/j0izlzKO1XU\">ce qu&rsquo;on en pense en 1mn<\/a><\/p>\n\n\n<div class=\"wpview-body\" style=\"text-align: center;\" contenteditable=\"false\">&nbsp;<\/div>\n\n\n<h3 class=\"wp-block-heading has-text-align-center\"><a href=\"https:\/\/youtu.be\/6fGDuF_oYfw\" target=\"_blank\" rel=\"noopener\"><img loading=\"lazy\" decoding=\"async\" class=\"wp-image-703 aligncenter\" src=\"http:\/\/la-maraude.fr\/site\/wp-content\/uploads\/2015\/08\/happy-petit-300x249.jpg\" alt=\"happy maraude 2015 \" width=\"106\" height=\"88\" srcset=\"http:\/\/la-maraude.fr\/site\/wp-content\/uploads\/2015\/08\/happy-petit-300x249.jpg 300w, http:\/\/la-maraude.fr\/site\/wp-content\/uploads\/2015\/08\/happy-petit.jpg 600w\" sizes=\"auto, (max-width: 106px) 100vw, 106px\" \/><\/a><\/h3>\n\n\n\n<p class=\"has-text-align-center\"><a href=\"https:\/\/youtu.be\/Wq4gWC1L7ds\">mieux nous conna\u00eetre en 5mn <\/a><\/p>\n\n\n\n<h4 class=\"wp-block-heading\">&nbsp;<\/h4>\n\n\n\n<h4 class=\"wp-block-heading has-text-align-center\"><a href=\"https:\/\/youtu.be\/Wq4gWC1L7ds\"><img loading=\"lazy\" decoding=\"async\" class=\"aligncenter wp-image-1648\" src=\"http:\/\/la-maraude.fr\/site\/wp-content\/uploads\/2020\/12\/juste-300x148.jpg\" alt=\"juste\" width=\"223\" height=\"110\" srcset=\"http:\/\/la-maraude.fr\/site\/wp-content\/uploads\/2020\/12\/juste-300x148.jpg 300w, http:\/\/la-maraude.fr\/site\/wp-content\/uploads\/2020\/12\/juste-1024x505.jpg 1024w, http:\/\/la-maraude.fr\/site\/wp-content\/uploads\/2020\/12\/juste.jpg 1181w\" sizes=\"auto, (max-width: 223px) 100vw, 223px\" \/><\/a><\/h4>\n\n\n\n<p class=\"has-text-align-center\"><a href=\"https:\/\/youtu.be\/Wq4gWC1L7ds\">4 raisons de plus pour venir en 1mn45<\/a><\/p>\n\n\n\n<h4 class=\"wp-block-heading\">&nbsp;<\/h4>\n\n\n\n<h4 class=\"wp-block-heading\">&nbsp;&nbsp;<\/h4>\n\n\n\n<p class=\"has-text-align-center\">A&nbsp; la Maraude, nous construisons depuis plusieurs ann\u00e9es des s\u00e9jours tourn\u00e9s vers l\u2019attention \u00e0 tous et toutes, aux plus faibles, \u00e0 notre plan\u00e8te, en imaginant des s\u00e9jours inclusifs permettant aux enfants en situation de handicap d\u2019aller en vacances, pour cr\u00e9er des mixit\u00e9s, pour d\u00e9velopper des solidarit\u00e9s, pour \u00eatre dans la nature &#8230; <br>des s\u00e9jours pens\u00e9s et construits en amont avec des animateurs-trices habitu\u00e9s, d&rsquo;autres nouveaux que nous rencontrons et formons au cours de l&rsquo;ann\u00e9e&#8230;<br>Pour penser \u00e0 plusieurs, nous avons rejoint <br><a href=\"https:\/\/c3.frama.site\/\" target=\"_blank\" rel=\"noopener\">le collectif camps colos<\/a> n\u00e9 en 2015. Le collectif rassemble l&rsquo;ensemble des organismes militants de l&rsquo;\u00e9ducation populaire, qui font de cette derni\u00e8re un mod\u00e8le social pour le monde de demain, et non un mod\u00e8le lucratif et pauvre de sens.<\/p>\n\n\n\n<h4 class=\"wp-block-heading has-text-align-center\"><a href=\"http:\/\/la-maraude.fr\/site\/wp-content\/uploads\/2021\/09\/bonpointseul.jpg\" rel=\"attachment wp-att-2115\"><img loading=\"lazy\" decoding=\"async\" class=\"aligncenter size-full wp-image-2115\" src=\"http:\/\/la-maraude.fr\/site\/wp-content\/uploads\/2021\/09\/bonpointseul.jpg\" alt=\"bonpointseul\" width=\"236\" height=\"247\"><\/a><\/h4>\n\n\n\n<div style=\"height:66px\" aria-hidden=\"true\" class=\"wp-block-spacer\"><\/div>\n","protected":false},"excerpt":{"rendered":"<p>les colos de printemps vous attendent ! pique-niquer dans les pr\u00e8s, grimper aux sommets, cuisiner pour les gourmets, chanter autour du feu, faire des grands et petits jeux, pour des colonies de printemps au milieu des fleurs :\u00a0 Les S\u00e9jours Maraudeurs du dimanche 19 avril au samedi 25 avril 2026 pour tous les enfants entre [&hellip;]<\/p>\n","protected":false},"author":1,"featured_media":1564,"parent":0,"menu_order":1,"comment_status":"closed","ping_status":"closed","template":"","meta":{"footnotes":""},"class_list":["post-2","page","type-page","status-publish","has-post-thumbnail","hentry"],"_links":{"self":[{"href":"http:\/\/la-maraude.fr\/site\/wp-json\/wp\/v2\/pages\/2","targetHints":{"allow":["GET"]}}],"collection":[{"href":"http:\/\/la-maraude.fr\/site\/wp-json\/wp\/v2\/pages"}],"about":[{"href":"http:\/\/la-maraude.fr\/site\/wp-json\/wp\/v2\/types\/page"}],"author":[{"embeddable":true,"href":"http:\/\/la-maraude.fr\/site\/wp-json\/wp\/v2\/users\/1"}],"replies":[{"embeddable":true,"href":"http:\/\/la-maraude.fr\/site\/wp-json\/wp\/v2\/comments?post=2"}],"version-history":[{"count":283,"href":"http:\/\/la-maraude.fr\/site\/wp-json\/wp\/v2\/pages\/2\/revisions"}],"predecessor-version":[{"id":2785,"href":"http:\/\/la-maraude.fr\/site\/wp-json\/wp\/v2\/pages\/2\/revisions\/2785"}],"wp:featuredmedia":[{"embeddable":true,"href":"http:\/\/la-maraude.fr\/site\/wp-json\/wp\/v2\/media\/1564"}],"wp:attachment":[{"href":"http:\/\/la-maraude.fr\/site\/wp-json\/wp\/v2\/media?parent=2"}],"curies":[{"name":"wp","href":"https:\/\/api.w.org\/{rel}","templated":true}]}}