{"id":1284,"date":"2020-11-26T10:25:19","date_gmt":"2020-11-26T09:25:19","guid":{"rendered":"http:\/\/la-maraude.fr\/site\/?page_id=1284"},"modified":"2026-02-03T11:56:53","modified_gmt":"2026-02-03T10:56:53","slug":"boite-a-outils-de-la-riviere","status":"publish","type":"page","link":"http:\/\/la-maraude.fr\/site\/la-riviere\/boite-a-outils-de-la-riviere\/","title":{"rendered":"Boite \u00e0 outils de la rivi\u00e8re"},"content":{"rendered":"\n<h4 class=\"wp-block-heading\">&nbsp;<\/h4>\n\n\n\n<h4 class=\"wp-block-heading has-text-align-center\"><figure><img loading=\"lazy\" decoding=\"async\" class=\"wp-image-1923 aligncenter\" src=\"http:\/\/la-maraude.fr\/site\/wp-content\/uploads\/2021\/01\/dans-ma-valise_page-0001-1024x725.jpg\" alt=\"dans ma valise_page-0001\" width=\"403\" height=\"285\" srcset=\"http:\/\/la-maraude.fr\/site\/wp-content\/uploads\/2021\/01\/dans-ma-valise_page-0001-1024x725.jpg 1024w, http:\/\/la-maraude.fr\/site\/wp-content\/uploads\/2021\/01\/dans-ma-valise_page-0001-300x212.jpg 300w, http:\/\/la-maraude.fr\/site\/wp-content\/uploads\/2021\/01\/dans-ma-valise_page-0001.jpg 1754w\" sizes=\"auto, (max-width: 403px) 100vw, 403px\" \/><\/figure><\/h4>\n\n\n\n<p>&nbsp;<\/p>\n\n\n\n<p>Lors de chaque week-end de La Rivi\u00e8re, nous analysons nos pratiques d&rsquo;animation \u00e0 travers des textes, des \u00e9changes. De ces textes et r\u00e9flexions, nous produisons des supports au service des \u00e9quipes d&rsquo;animation, pour toujours inventer des vacances extra-ordinaires pour les enfants.<\/p>\n\n\n\n<p>En voici le floril\u00e8ge &#8230;<\/p>\n\n\n\n<p>&nbsp;<\/p>\n\n\n\n<h4 class=\"wp-block-heading\">Dans ma valise,<\/h4>\n\n\n\n<p>il y a un texte pour r\u00e9fl\u00e9chir \u00e0 <a href=\"http:\/\/la-maraude.fr\/site\/wp-content\/uploads\/2020\/12\/Fermeture-des-colonies-de-vacances-le-risque-ou-le-care.pdf\" rel=\"\">la notion de risque<\/a><\/p>\n\n\n\n<p>il y a un texte pour r\u00e9fl\u00e9chir \u00e0&nbsp; <a href=\"http:\/\/la-maraude.fr\/site\/wp-content\/uploads\/2020\/12\/Tyrannie-de-labsence-de-structure.pdf\" rel=\"\">la vie de groupe,<\/a><\/p>\n\n\n\n<p>il y a un&nbsp; texte pour r\u00e9fl\u00e9chir <a href=\"http:\/\/la-maraude.fr\/site\/wp-content\/uploads\/2020\/12\/Mettre-fin-aE\u030c-lessentialisme.pdf\" rel=\"\">aux alternatives en colonie de vacances<\/a>,<\/p>\n\n\n\n<p>il y a des <a href=\"http:\/\/la-maraude.fr\/site\/wp-content\/uploads\/2020\/12\/manie\u0300res-de-faire.pdf\" rel=\"\">manie\u0300res de faire<\/a>,<\/p>\n\n\n\n<p>il y a une affiche sur la <a href=\"http:\/\/la-maraude.fr\/site\/wp-content\/uploads\/2020\/12\/sanction.pdf\" rel=\"\">sanction<\/a> et l&rsquo;autorit\u00e9,<\/p>\n\n\n\n<p>il y a une affiche sur le <a href=\"http:\/\/la-maraude.fr\/site\/wp-content\/uploads\/2020\/12\/conseil-denfants-converti1.pdf\" rel=\"\">conseil d&rsquo;enfants<\/a><\/p>\n\n\n\n<p>il y a une affiche sur&nbsp; <a href=\"http:\/\/la-maraude.fr\/site\/wp-content\/uploads\/2020\/12\/les-animations-dans-la-nature.pdf\" rel=\"\">les animations dans la nature<\/a><\/p>\n\n\n\n<p>il y a des pistes de r\u00e9flexion sur comment <a href=\"http:\/\/la-maraude.fr\/site\/wp-content\/uploads\/2020\/12\/faire-e\u0301quipe.pdf\" rel=\"\">faire e\u0301quipe<\/a>,<\/p>\n\n\n\n<p>il y a&nbsp; <a href=\"http:\/\/la-maraude.fr\/site\/wp-content\/uploads\/2020\/12\/des-jeux.pdf\" rel=\"\">des jeux !<\/a><\/p>\n\n\n\n<p><a href=\"http:\/\/la-maraude.fr\/site\/wp-content\/uploads\/2020\/12\/des-jeux.pdf\" rel=\"\"><br><\/a>il y a &#8230;.<\/p>\n\n\n\n<p>&nbsp;<\/p>\n\n\n\n<figure class=\"wp-block-image aligncenter size-large is-resized\"><img loading=\"lazy\" decoding=\"async\" width=\"1024\" height=\"768\" src=\"https:\/\/la-maraude.fr\/site\/wp-content\/uploads\/2020\/01\/P2230972-1024x768.jpg\" alt=\"\" class=\"wp-image-1108\" style=\"width:383px;height:auto\"\/><\/figure>\n","protected":false},"excerpt":{"rendered":"<p>&nbsp; &nbsp; Lors de chaque week-end de La Rivi\u00e8re, nous analysons nos pratiques d&rsquo;animation \u00e0 travers des textes, des \u00e9changes. De ces textes et r\u00e9flexions, nous produisons des supports au service des \u00e9quipes d&rsquo;animation, pour toujours inventer des vacances extra-ordinaires pour les enfants. En voici le floril\u00e8ge &#8230; &nbsp; Dans ma valise, il y a [&hellip;]<\/p>\n","protected":false},"author":2,"featured_media":0,"parent":1286,"menu_order":0,"comment_status":"closed","ping_status":"closed","template":"","meta":{"footnotes":""},"class_list":["post-1284","page","type-page","status-publish","hentry"],"_links":{"self":[{"href":"http:\/\/la-maraude.fr\/site\/wp-json\/wp\/v2\/pages\/1284","targetHints":{"allow":["GET"]}}],"collection":[{"href":"http:\/\/la-maraude.fr\/site\/wp-json\/wp\/v2\/pages"}],"about":[{"href":"http:\/\/la-maraude.fr\/site\/wp-json\/wp\/v2\/types\/page"}],"author":[{"embeddable":true,"href":"http:\/\/la-maraude.fr\/site\/wp-json\/wp\/v2\/users\/2"}],"replies":[{"embeddable":true,"href":"http:\/\/la-maraude.fr\/site\/wp-json\/wp\/v2\/comments?post=1284"}],"version-history":[{"count":10,"href":"http:\/\/la-maraude.fr\/site\/wp-json\/wp\/v2\/pages\/1284\/revisions"}],"predecessor-version":[{"id":2725,"href":"http:\/\/la-maraude.fr\/site\/wp-json\/wp\/v2\/pages\/1284\/revisions\/2725"}],"up":[{"embeddable":true,"href":"http:\/\/la-maraude.fr\/site\/wp-json\/wp\/v2\/pages\/1286"}],"wp:attachment":[{"href":"http:\/\/la-maraude.fr\/site\/wp-json\/wp\/v2\/media?parent=1284"}],"curies":[{"name":"wp","href":"https:\/\/api.w.org\/{rel}","templated":true}]}}