{"id":1269,"date":"2020-11-26T10:21:27","date_gmt":"2020-11-26T09:21:27","guid":{"rendered":"http:\/\/la-maraude.fr\/site\/?page_id=1269"},"modified":"2026-02-03T09:59:09","modified_gmt":"2026-02-03T08:59:09","slug":"contact-pour-partir-en-classe-de-decouverte","status":"publish","type":"page","link":"http:\/\/la-maraude.fr\/site\/les-classes-de-decouvertes\/contact-pour-partir-en-classe-de-decouverte\/","title":{"rendered":"Partir en classe de d\u00e9couvertes"},"content":{"rendered":"<h2 style=\"text-align: center;\">Prendre le temps de construire ensemble<\/h2>\n<p>&nbsp;<\/p>\n<h3>Avec chaque professeur des \u00e9coles<\/h3>\n<p>Pour organiser une classe de d\u00e9couvertes, <a href=\"http:\/\/la-maraude.fr\/site\/contacts\/\">contactez-nous<\/a> pour que nous puissions nous rencontrer et savoir ce dont vous avez envie, comme ce dont vous avez besoin. Nous sommes \u00e0 l&rsquo;\u00e9coute pour construire votre projet.<\/p>\n<p>Nous envisageons chaque classe de d\u00e9couverte comme un projet unique.<\/p>\n<p>En effet, chaque enseignant, chaque classe, chaque projet de classe a ses sp\u00e9cificit\u00e9s, ses besoins et ses envies. A la Maraude, les possibles sont infinis (de l&rsquo;exploration des milieux naturels jusqu&rsquo;\u00e0 la rencontre avec le monde rural en passant par des activit\u00e9s artistiques), et notre capacit\u00e9 d&rsquo;adaptation et d&rsquo;invention saura se mettre au service de chaque classe de d\u00e9couvertes.<\/p>\n<p>&nbsp;<\/p>\n<h3>Avec les \u00e9l\u00e8ves<\/h3>\n<p>Nous pouvons imaginer pr\u00e9parer les enfants en amont avec une correspondance, des \u00e9changes audios ou visuels. Pour se rassurer, se donner envie, pr\u00e9senter la Maraude, les \u00e9l\u00e8ves, le projet, la vie quotidienne, &#8230;<\/p>\n<p>Comme une premi\u00e8re rencontre et une mise en bouche &#8230;<\/p>\n<p>&nbsp;<\/p>\n<h3>Et aussi &#8230;<\/h3>\n<p>Nous mettons \u00e0 votre disposition un livret pour pr\u00e9parer au mieux l&rsquo;accueil de chacun et de chacune.<\/p>\n<p>Nous pouvons nous rendre disponibles par t\u00e9l\u00e9phone aupr\u00e8s de familles et d&rsquo;\u00e9l\u00e8ves qui ont besoin d&rsquo;une pr\u00e9paration au d\u00e9part plus importante.<\/p>\n<p>Nous pouvons nous d\u00e9placer sur votre \u00e9cole, afin de rencontrer les \u00e9l\u00e8ves et les familles.<\/p>\n<p>&nbsp;<\/p>\n<p><img loading=\"lazy\" decoding=\"async\" class=\"wp-image-1593 aligncenter\" src=\"http:\/\/la-maraude.fr\/site\/wp-content\/uploads\/2020\/12\/P8262732-1024x768.jpg\" alt=\"OLYMPUS DIGITAL CAMERA\" width=\"420\" height=\"315\" srcset=\"http:\/\/la-maraude.fr\/site\/wp-content\/uploads\/2020\/12\/P8262732-1024x768.jpg 1024w, http:\/\/la-maraude.fr\/site\/wp-content\/uploads\/2020\/12\/P8262732-300x225.jpg 300w\" sizes=\"auto, (max-width: 420px) 100vw, 420px\" \/><\/p>\n<p>&nbsp;<\/p>\n","protected":false},"excerpt":{"rendered":"<p>Prendre le temps de construire ensemble &nbsp; Avec chaque professeur des \u00e9coles Pour organiser une classe de d\u00e9couvertes, contactez-nous pour que nous puissions nous rencontrer et savoir ce dont vous avez envie, comme ce dont vous avez besoin. Nous sommes \u00e0 l&rsquo;\u00e9coute pour construire votre projet. Nous envisageons chaque classe de d\u00e9couverte comme un projet [&hellip;]<\/p>\n","protected":false},"author":2,"featured_media":0,"parent":1264,"menu_order":0,"comment_status":"closed","ping_status":"closed","template":"","meta":{"footnotes":""},"class_list":["post-1269","page","type-page","status-publish","hentry"],"_links":{"self":[{"href":"http:\/\/la-maraude.fr\/site\/wp-json\/wp\/v2\/pages\/1269","targetHints":{"allow":["GET"]}}],"collection":[{"href":"http:\/\/la-maraude.fr\/site\/wp-json\/wp\/v2\/pages"}],"about":[{"href":"http:\/\/la-maraude.fr\/site\/wp-json\/wp\/v2\/types\/page"}],"author":[{"embeddable":true,"href":"http:\/\/la-maraude.fr\/site\/wp-json\/wp\/v2\/users\/2"}],"replies":[{"embeddable":true,"href":"http:\/\/la-maraude.fr\/site\/wp-json\/wp\/v2\/comments?post=1269"}],"version-history":[{"count":18,"href":"http:\/\/la-maraude.fr\/site\/wp-json\/wp\/v2\/pages\/1269\/revisions"}],"predecessor-version":[{"id":2051,"href":"http:\/\/la-maraude.fr\/site\/wp-json\/wp\/v2\/pages\/1269\/revisions\/2051"}],"up":[{"embeddable":true,"href":"http:\/\/la-maraude.fr\/site\/wp-json\/wp\/v2\/pages\/1264"}],"wp:attachment":[{"href":"http:\/\/la-maraude.fr\/site\/wp-json\/wp\/v2\/media?parent=1269"}],"curies":[{"name":"wp","href":"https:\/\/api.w.org\/{rel}","templated":true}]}}