{"id":1267,"date":"2020-11-26T10:20:44","date_gmt":"2020-11-26T09:20:44","guid":{"rendered":"http:\/\/la-maraude.fr\/site\/?page_id=1267"},"modified":"2021-01-12T21:30:49","modified_gmt":"2021-01-12T20:30:49","slug":"les-propositions","status":"publish","type":"page","link":"http:\/\/la-maraude.fr\/site\/les-classes-de-decouvertes\/les-propositions\/","title":{"rendered":"Projet et propositions d&rsquo;activit\u00e9s"},"content":{"rendered":"<p>&nbsp;<\/p>\n<h3>\u00ab\u00a0En sortant de l&rsquo;\u00e9cole\u00a0\u00bb<\/h3>\n<p>&nbsp;<\/p>\n<p>Notre projet\u00a0 <a href=\"http:\/\/la-maraude.fr\/site\/wp-content\/uploads\/2020\/12\/classes-de-de\u0301couverte-projet-de\u0301taille\u0301-1.pdf\" rel=\"\">\u00ab\u00a0En sortant de l&rsquo;\u00e9cole\u00a0\u00bb <\/a>pr\u00e9sente notamment l\u2019association la Maraude, les lieux, les intentions \u00e9ducatives, les contenus p\u00e9dagogiques. Nous nous appuyons sur les programmes officiels et le socle commun de connaissances, de comp\u00e9tences et du culture.<\/p>\n<p>Nous avons la volont\u00e9 de proposer des activit\u00e9s riches de d\u00e9couvertes et d\u2019apprentissages, comme de participer \u00e0 construire les citoyens et citoyennes de demain, respectueux de l&rsquo;environnement.<\/p>\n<p>Notre fil rouge est ce qui nous entoure, ce qui est \u00e0 port\u00e9e de main, \u00e0 port\u00e9e de pied ! Aller un peu plus loin pour prendre conscience de soi, de son chez soi, mais aussi de l&rsquo;autre et de l&rsquo;ailleurs.<\/p>\n<p>&nbsp;<\/p>\n<p>&nbsp;<\/p>\n<p><img loading=\"lazy\" decoding=\"async\" class=\"wp-image-1588 aligncenter\" src=\"http:\/\/la-maraude.fr\/site\/wp-content\/uploads\/2020\/12\/P8240310-768x1024.jpg\" alt=\"OLYMPUS DIGITAL CAMERA\" width=\"276\" height=\"368\" srcset=\"http:\/\/la-maraude.fr\/site\/wp-content\/uploads\/2020\/12\/P8240310-768x1024.jpg 768w, http:\/\/la-maraude.fr\/site\/wp-content\/uploads\/2020\/12\/P8240310-225x300.jpg 225w\" sizes=\"auto, (max-width: 276px) 100vw, 276px\" \/><\/p>\n<h3><\/h3>\n<p>&nbsp;<\/p>\n<h3>Cartographie des possibles<\/h3>\n<p>&nbsp;<\/p>\n<p>Les possibilit\u00e9s que nous avons \u00e0 c\u0153ur de proposer \u00e0 chaque \u00e9l\u00e8ve et chaque classe sont l\u00e0 pour cultiver l&rsquo;observation, l&rsquo;\u00e9merveillement, la curiosit\u00e9, la compr\u00e9hension, la cr\u00e9ativit\u00e9. Par leur p\u00e9dagogie, elles permettent l&rsquo;enrichissement mutuel \u00e0 travers la richesse du collectif et la rencontre avec soi, l&rsquo;autre et l&rsquo;ailleurs.<\/p>\n<p>Nous pouvons vous inviter\u00a0 <a href=\"http:\/\/la-maraude.fr\/site\/wp-content\/uploads\/2020\/12\/a\u0300-la-de\u0301couverte-des-milieux-naturels.pdf\" rel=\"\">a\u0300 la de\u0301couverte des milieux naturels<\/a> qui nous entourent, comme\u00a0 <a href=\"http:\/\/la-maraude.fr\/site\/wp-content\/uploads\/2020\/12\/a\u0300-la-de\u0301couverte-du-monde-rural.pdf\" rel=\"\">a\u0300 la de\u0301couverte du monde rural<\/a> dont nous faisons partie.<\/p>\n<p>Chaque proposition peut-\u00eatre faite \u00e0 la demi-journ\u00e9e. Elle peut s&rsquo;enrichir pour une journ\u00e9e et s&rsquo;adapter \u00e0 tous les \u00e2ges. Pour chacune d&rsquo;entre elle, le moment du d\u00e9part fait partie de l&rsquo;activit\u00e9 : faire son sac, observer la m\u00e9t\u00e9o et\/ou l&rsquo;environnement imm\u00e9diat, expliquer o\u00f9 l&rsquo;on va, r\u00e9pondre aux questions, raconter une petite histoire &#8230; Pour \u00eatre pr\u00eat et curieux, avoir envie. Le moment de la cl\u00f4ture est tout aussi important.<\/p>\n<p>Nous souhaitons que la plupart des activit\u00e9s s&rsquo;inscrive dans un fil rouge, soit coh\u00e9rente avec le reste du voyage. Nous avons la volont\u00e9 que chaque moment fasse sens.<\/p>\n<h4><\/h4>\n<h4>En voici une dizaine, pr\u00e9sent\u00e9es succinctement et graphiquement :<\/h4>\n<p>&nbsp;<\/p>\n<p style=\"text-align: center;\"><a href=\"http:\/\/la-maraude.fr\/site\/wp-content\/uploads\/2021\/01\/immersion-dans-la-fore\u0302t.pdf\" rel=\"\">Immersion dans la fore\u0302t<\/a><\/p>\n<p style=\"text-align: center;\"><a href=\"http:\/\/la-maraude.fr\/site\/wp-content\/uploads\/2021\/01\/cabanes-et-feu-de-camp.pdf\" rel=\"\">Cabanes et feu de camp<\/a><\/p>\n<p style=\"text-align: center;\"><a href=\"http:\/\/la-maraude.fr\/site\/wp-content\/uploads\/2021\/01\/la-nature-pas-les-cinq-sens.pdf\" rel=\"\">La nature par les cinq sens<\/a><\/p>\n<p style=\"text-align: center;\"><a href=\"http:\/\/la-maraude.fr\/site\/wp-content\/uploads\/2021\/01\/balade-et-cueillette-sauvage.pdf\" rel=\"\">Balade et cueillette sauvage<\/a><\/p>\n<p style=\"text-align: center;\"><a href=\"http:\/\/la-maraude.fr\/site\/wp-content\/uploads\/2021\/01\/leau-en-montagne.pdf\" rel=\"\">L&rsquo;eau en montagne<\/a><\/p>\n<p style=\"text-align: center;\"><a href=\"http:\/\/la-maraude.fr\/site\/wp-content\/uploads\/2021\/01\/lecture-de-paysage.pdf\" rel=\"\">Lecture de paysage<\/a><\/p>\n<p style=\"text-align: center;\"><a href=\"http:\/\/la-maraude.fr\/site\/wp-content\/uploads\/2021\/01\/par-les-chemins-dArrout.pdf\" rel=\"\">Par les chemins d&rsquo;Arrout<\/a><\/p>\n<p style=\"text-align: center;\"><a href=\"http:\/\/la-maraude.fr\/site\/wp-content\/uploads\/2021\/01\/cre\u0301ation-et-veille\u0301e.pdf\" rel=\"\">Fabrication, cre\u0301ation et veille\u0301e en pleine nature<\/a><\/p>\n<p style=\"text-align: center;\"><a href=\"http:\/\/la-maraude.fr\/site\/wp-content\/uploads\/2021\/01\/balade-dans-la-nuit.pdf\" rel=\"\">Balade dans la nuit<\/a><\/p>\n<p style=\"text-align: center;\">sans oublier<\/p>\n<p style=\"text-align: center;\">la d\u00e9couverte de la mare,<\/p>\n<p style=\"text-align: center;\">des jardins (botanique et potager),<\/p>\n<p style=\"text-align: center;\">la rencontre avec les poules et les canards,<\/p>\n<p style=\"text-align: center;\">et tout le reste &#8230;.<\/p>\n<p><strong>Les rituels quotidiens<\/strong> nous semblent aussi essentiels pour garantir la r\u00e9ussite d&rsquo;une classe de d\u00e9couvertes. Ils sont l\u00e0 pour tricoter les apprentissages et le collectif : se retrouver en groupe autour du \u00ab\u00a0b\u00e2ton de parole\u00a0\u00bb, remplir tous les jours son \u00ab\u00a0carnet de voyage\u00a0\u00bb, r\u00e9pondre en \u00e9quipe \u00e0 un jeu de questions et r\u00e9ponses, \u00e9couter une histoire du soir, &#8230;<\/p>\n<p>&nbsp;<\/p>\n<h4 style=\"text-align: center;\">Nous recherchons l&rsquo;\u00e9quilibre entre apprentissages, vie quotidienne et collective &#8230;<\/h4>\n<h4 style=\"text-align: center;\">Toute l&rsquo;\u00e9quipe de la Maraude est impatiente d&rsquo;inventer avec vous !<\/h4>\n<h4 style=\"text-align: center;\"><\/h4>\n<p><img loading=\"lazy\" decoding=\"async\" class=\"wp-image-1106 aligncenter\" src=\"http:\/\/la-maraude.fr\/site\/wp-content\/uploads\/2020\/01\/P2230968-1024x768.jpg\" alt=\"OLYMPUS DIGITAL CAMERA\" width=\"384\" height=\"288\" srcset=\"http:\/\/la-maraude.fr\/site\/wp-content\/uploads\/2020\/01\/P2230968-1024x768.jpg 1024w, http:\/\/la-maraude.fr\/site\/wp-content\/uploads\/2020\/01\/P2230968-300x225.jpg 300w, http:\/\/la-maraude.fr\/site\/wp-content\/uploads\/2020\/01\/P2230968-600x450.jpg 600w\" sizes=\"auto, (max-width: 384px) 100vw, 384px\" \/><\/p>\n<p>&nbsp;<\/p>\n<p>&nbsp;<\/p>\n<p>&nbsp;<\/p>\n","protected":false},"excerpt":{"rendered":"<p>&nbsp; \u00ab\u00a0En sortant de l&rsquo;\u00e9cole\u00a0\u00bb &nbsp; Notre projet\u00a0 \u00ab\u00a0En sortant de l&rsquo;\u00e9cole\u00a0\u00bb pr\u00e9sente notamment l\u2019association la Maraude, les lieux, les intentions \u00e9ducatives, les contenus p\u00e9dagogiques. Nous nous appuyons sur les programmes officiels et le socle commun de connaissances, de comp\u00e9tences et du culture. Nous avons la volont\u00e9 de proposer des activit\u00e9s riches de d\u00e9couvertes et [&hellip;]<\/p>\n","protected":false},"author":2,"featured_media":0,"parent":1264,"menu_order":1,"comment_status":"closed","ping_status":"closed","template":"","meta":{"footnotes":""},"class_list":["post-1267","page","type-page","status-publish","hentry"],"_links":{"self":[{"href":"http:\/\/la-maraude.fr\/site\/wp-json\/wp\/v2\/pages\/1267","targetHints":{"allow":["GET"]}}],"collection":[{"href":"http:\/\/la-maraude.fr\/site\/wp-json\/wp\/v2\/pages"}],"about":[{"href":"http:\/\/la-maraude.fr\/site\/wp-json\/wp\/v2\/types\/page"}],"author":[{"embeddable":true,"href":"http:\/\/la-maraude.fr\/site\/wp-json\/wp\/v2\/users\/2"}],"replies":[{"embeddable":true,"href":"http:\/\/la-maraude.fr\/site\/wp-json\/wp\/v2\/comments?post=1267"}],"version-history":[{"count":33,"href":"http:\/\/la-maraude.fr\/site\/wp-json\/wp\/v2\/pages\/1267\/revisions"}],"predecessor-version":[{"id":1953,"href":"http:\/\/la-maraude.fr\/site\/wp-json\/wp\/v2\/pages\/1267\/revisions\/1953"}],"up":[{"embeddable":true,"href":"http:\/\/la-maraude.fr\/site\/wp-json\/wp\/v2\/pages\/1264"}],"wp:attachment":[{"href":"http:\/\/la-maraude.fr\/site\/wp-json\/wp\/v2\/media?parent=1267"}],"curies":[{"name":"wp","href":"https:\/\/api.w.org\/{rel}","templated":true}]}}