{"id":1264,"date":"2020-11-26T10:18:09","date_gmt":"2020-11-26T09:18:09","guid":{"rendered":"http:\/\/la-maraude.fr\/site\/?page_id=1264"},"modified":"2026-01-29T10:39:38","modified_gmt":"2026-01-29T09:39:38","slug":"les-classes-de-decouvertes","status":"publish","type":"page","link":"http:\/\/la-maraude.fr\/site\/les-classes-de-decouvertes\/","title":{"rendered":"les classes de d\u00e9couvertes"},"content":{"rendered":"<h3 style=\"text-align: center;\">En sortant de l&rsquo;\u00e9cole,<\/h3>\n<h3 style=\"text-align: center;\">L&rsquo;\u00e9cole en voyage<\/h3>\n<p><a href=\"https:\/\/la-maraude.fr\/site\/wp-content\/uploads\/2020\/12\/P8150614.jpg\"><img loading=\"lazy\" decoding=\"async\" class=\"size-full wp-image-1568\" src=\"https:\/\/la-maraude.fr\/site\/wp-content\/uploads\/2020\/12\/P8150614.jpg\" alt=\"\" width=\"3936\" height=\"2624\" srcset=\"http:\/\/la-maraude.fr\/site\/wp-content\/uploads\/2020\/12\/P8150614.jpg 3936w, http:\/\/la-maraude.fr\/site\/wp-content\/uploads\/2020\/12\/P8150614-300x200.jpg 300w, http:\/\/la-maraude.fr\/site\/wp-content\/uploads\/2020\/12\/P8150614-1024x683.jpg 1024w\" sizes=\"auto, (max-width: 3936px) 100vw, 3936px\" \/><\/a><\/p>\n<p>Nous savons essentiel le dehors, la nature, le collectif et le quotidien pour grandir au sein de notre monde. Nous avons envie de travailler avec les \u00e9coles, les professeurs de \u00e9coles et leurs \u00e9l\u00e8ves pour permettre un d\u00e9part en classe de d\u00e9couvertes tourn\u00e9e vers la nature, la vie en milieu rural, la richesse de la vie collective.<\/p>\n<p>Nous avons cr\u00e9\u00e9 un projet pour d\u00e9couvrir, apprendre, voyager, s&rsquo;\u00e9merveiller, s&rsquo;essayer, oser, questionner, r\u00eaver, &#8230;<\/p>\n<p>Vous pouvez d\u00e9couvrir <a href=\"http:\/\/la-maraude.fr\/site\/les-propositions\/\">notre projet et nos propositions<\/a> pour envisager votre projet de classe de d\u00e9couverte. Nous les avons \u00e9labor\u00e9s \u00e0 partir du milieu naturel, de notre conception de l&rsquo;\u00e9ducation, et bien sur des programmes en vigueur et du socle commun de connaissances, de comp\u00e9tences et de culture.<\/p>\n<h4 style=\"text-align: center;\">Nous pouvons faire deux propositions d&rsquo;accueil. Notre capacit\u00e9 est de 21 \u00e9l\u00e8ves par lieu.<\/h4>\n<p>Chaque lieu est agr\u00e9e \u00c9ducation Nationale.<\/p>\n<p><a href=\"http:\/\/la-maraude.fr\/site\/les-lieux\/la-maison-du-village\/\">La maison<\/a> de Baraou, au c\u0153ur du village permet un accueil chaleureux tout au long de l&rsquo;ann\u00e9e.<\/p>\n<p>Pour les beaux jours de d\u00e9but ou de fin d&rsquo;ann\u00e9e scolaire, un s\u00e9jour de pleine nature est possible au campement<a href=\"http:\/\/la-maraude.fr\/site\/les-lieux\/le-campement-des-maraudeurs\/\"> de Girech<\/a>.<\/p>\n<p>Notre prix de journ\u00e9e a pour <strong>base 50 euros par jour et par \u00e9l\u00e8ve.<\/strong> Il peut \u00e9voluer en fonction du projet, du taux d&rsquo;encadrement. Nous sommes disponibles pour pr\u00e9parer avec vous les demandes de participation financi\u00e8re aupr\u00e8s de diverses institutions.<\/p>\n<h4 style=\"text-align: center;\">Nous sommes <a href=\"http:\/\/la-maraude.fr\/site\/contacts\/\">disponibles<\/a> tous les jours pour <a href=\"http:\/\/la-maraude.fr\/site\/contact-pour-partir-en-classe-de-decouverte\/\">construire avec vous <\/a>votre projet en classe de d\u00e9couvertes et pour toutes vos questions.<\/h4>\n","protected":false},"excerpt":{"rendered":"<p>En sortant de l&rsquo;\u00e9cole, L&rsquo;\u00e9cole en voyage Nous savons essentiel le dehors, la nature, le collectif et le quotidien pour grandir au sein de notre monde. Nous avons envie de travailler avec les \u00e9coles, les professeurs de \u00e9coles et leurs \u00e9l\u00e8ves pour permettre un d\u00e9part en classe de d\u00e9couvertes tourn\u00e9e vers la nature, la vie [&hellip;]<\/p>\n","protected":false},"author":2,"featured_media":0,"parent":0,"menu_order":0,"comment_status":"closed","ping_status":"closed","template":"","meta":{"footnotes":""},"class_list":["post-1264","page","type-page","status-publish","hentry"],"_links":{"self":[{"href":"http:\/\/la-maraude.fr\/site\/wp-json\/wp\/v2\/pages\/1264","targetHints":{"allow":["GET"]}}],"collection":[{"href":"http:\/\/la-maraude.fr\/site\/wp-json\/wp\/v2\/pages"}],"about":[{"href":"http:\/\/la-maraude.fr\/site\/wp-json\/wp\/v2\/types\/page"}],"author":[{"embeddable":true,"href":"http:\/\/la-maraude.fr\/site\/wp-json\/wp\/v2\/users\/2"}],"replies":[{"embeddable":true,"href":"http:\/\/la-maraude.fr\/site\/wp-json\/wp\/v2\/comments?post=1264"}],"version-history":[{"count":26,"href":"http:\/\/la-maraude.fr\/site\/wp-json\/wp\/v2\/pages\/1264\/revisions"}],"predecessor-version":[{"id":2683,"href":"http:\/\/la-maraude.fr\/site\/wp-json\/wp\/v2\/pages\/1264\/revisions\/2683"}],"wp:attachment":[{"href":"http:\/\/la-maraude.fr\/site\/wp-json\/wp\/v2\/media?parent=1264"}],"curies":[{"name":"wp","href":"https:\/\/api.w.org\/{rel}","templated":true}]}}